{"id":4012,"date":"2025-10-24T11:06:13","date_gmt":"2025-10-24T09:06:13","guid":{"rendered":"https:\/\/gifma.i3a.es\/?page_id=4012"},"modified":"2026-02-08T13:29:25","modified_gmt":"2026-02-08T11:29:25","slug":"tesis","status":"publish","type":"page","link":"https:\/\/gifma.i3a.es\/es\/tesis\/","title":{"rendered":"Tesis"},"content":{"rendered":"<div id=\"pl-gb4012-69e38c9c35c11\"  class=\"panel-layout wp-block-siteorigin-panels-layout-block\" ><div id=\"pg-gb4012-69e38c9c35c11-0\"  class=\"panel-grid panel-has-style\" ><div class=\"siteorigin-panels-stretch panel-row-style panel-row-style-for-gb4012-69e38c9c35c11-0\" data-stretch-type=\"full-width-stretch\" ><div id=\"pgc-gb4012-69e38c9c35c11-0-0\"  class=\"panel-grid-cell\" ><div id=\"panel-gb4012-69e38c9c35c11-0-0-0\" class=\"so-panel widget widget_sow-hero panel-first-child panel-last-child\" data-index=\"0\" ><div\n\t\t\t\n\t\t\tclass=\"so-widget-sow-hero so-widget-sow-hero-default-7a011a7c0fd5-4012 so-widget-fittext-wrapper\"\n\t\t\t data-fit-text-compressor=\"0.85\"\n\t\t>\t\t\t\t<div class=\"sow-slider-base\" style=\"display: none\" tabindex=\"0\">\n\t\t\t\t\t<ul\n\t\t\t\t\tclass=\"sow-slider-images\"\n\t\t\t\t\tdata-settings=\"{&quot;pagination&quot;:true,&quot;speed&quot;:800,&quot;timeout&quot;:8000,&quot;paused&quot;:false,&quot;pause_on_hover&quot;:false,&quot;swipe&quot;:true,&quot;nav_always_show_desktop&quot;:&quot;&quot;,&quot;nav_always_show_mobile&quot;:&quot;&quot;,&quot;breakpoint&quot;:&quot;780px&quot;,&quot;unmute&quot;:false,&quot;anchor&quot;:null}\"\n\t\t\t\t\t\t\t\t\t\tdata-anchor-id=\"\"\n\t\t\t\t>\t\t<li class=\"sow-slider-image  sow-slider-image-cover\" style=\"visibility: visible;;background-color: #333333\" >\n\t\t\t\t\t<div class=\"sow-slider-image-container\">\n\t\t\t<div class=\"sow-slider-image-wrapper\">\n\t\t\t\t<h1 class=\"entry-title\" style=\"text-align: center\"><strong>Tesis<\/strong><\/h1>\t\t\t<\/div>\n\t\t<\/div>\n\t\t<div class=\"sow-slider-image-overlay sow-slider-image-cover\" style=\"opacity: 0.5;background-image: url(https:\/\/gifma.i3a.es\/wp-content\/uploads\/2024\/07\/fondo.png)\"  ><\/div>\t\t<\/li>\n\t\t<\/ul>\t\t\t\t<ol class=\"sow-slider-pagination\">\n\t\t\t\t\t\t\t\t\t\t\t<li><a href=\"#\" data-goto=\"0\" aria-label=\"mostrar diapositiva 1\"><\/a><\/li>\n\t\t\t\t\t\t\t\t\t<\/ol>\n\n\t\t\t\t<div class=\"sow-slide-nav sow-slide-nav-next\">\n\t\t\t\t\t<a href=\"#\" data-goto=\"next\" aria-label=\"diapositiva siguiente\" data-action=\"next\">\n\t\t\t\t\t\t<em class=\"sow-sld-icon-thin-right\"><\/em>\n\t\t\t\t\t<\/a>\n\t\t\t\t<\/div>\n\n\t\t\t\t<div class=\"sow-slide-nav sow-slide-nav-prev\">\n\t\t\t\t\t<a href=\"#\" data-goto=\"previous\" aria-label=\"diapositiva anterior\" data-action=\"prev\">\n\t\t\t\t\t\t<em class=\"sow-sld-icon-thin-left\"><\/em>\n\t\t\t\t\t<\/a>\n\t\t\t\t<\/div>\n\t\t\t\t<\/div><\/div><\/div><\/div><\/div><\/div><\/div>\n\n<div id=\"pl-gb4012-69e38c9c3692e\"  class=\"panel-layout wp-block-siteorigin-panels-layout-block\" ><div id=\"pg-gb4012-69e38c9c3692e-0\"  class=\"panel-grid panel-no-style\" ><div id=\"pgc-gb4012-69e38c9c3692e-0-0\"  class=\"panel-grid-cell\" ><div id=\"panel-gb4012-69e38c9c3692e-0-0-0\" class=\"so-panel widget widget_sow-editor panel-first-child panel-last-child\" data-index=\"0\" ><div\n\t\t\t\n\t\t\tclass=\"so-widget-sow-editor so-widget-sow-editor-base\"\n\t\t\t\n\t\t>\n<div class=\"siteorigin-widget-tinymce textwidget\">\n\t<h3>Theses<\/h3><form method=\"get\" action=\"\"><label for=\"pg_anio_tesis\">Year: <\/label>\r\n        <select name=\"pg_anio_tesis\" onchange=\"this.form.submit()\"><option value=\"\" selected>All years<\/option><option value=\"2026\" >2026<\/option><option value=\"2025\" >2025<\/option><option value=\"2024\" >2024<\/option><option value=\"2023\" >2023<\/option><option value=\"2022\" >2022<\/option><option value=\"2021\" >2021<\/option><option value=\"2020\" >2020<\/option><option value=\"2019\" >2019<\/option><option value=\"2018\" >2018<\/option><option value=\"2017\" >2017<\/option><option value=\"2016\" >2016<\/option><option value=\"2015\" >2015<\/option><option value=\"2014\" >2014<\/option><option value=\"2013\" >2013<\/option><option value=\"2012\" >2012<\/option><option value=\"2011\" >2011<\/option><option value=\"2010\" >2010<\/option><option value=\"2009\" >2009<\/option><option value=\"2008\" >2008<\/option><option value=\"2007\" >2007<\/option><option value=\"2006\" >2006<\/option><option value=\"2005\" >2005<\/option><option value=\"2004\" >2004<\/option><option value=\"2003\" >2003<\/option><option value=\"2002\" >2002<\/option><option value=\"2001\" >2001<\/option><option value=\"2000\" >2000<\/option><\/select><input type=\"hidden\" name=\"trp-form-language\" value=\"es\"\/><\/form><br><p class=\"contador\">Total theses: <strong>39<\/strong><\/p><table class=\"pg-tabla\"><thead><tr><th>Date<\/th><th>Title<\/th><th>Director\/s<\/th><th>University of defense<\/th><th>Student<\/th><th>Grading<\/th><\/tr><\/thead><tbody><tr><td><span>15\/01\/2026<\/span><\/td><td><span>Multilateraci\u00f3n Inversa Integrada en grandes M\u00e1quinas-Herramienta para la caracterizaci\u00f3n de su error t\u00e9rmico ambiental<\/span><\/td><td><span>JOS\u00c9 ANTONIO YAG\u00dcE FABRA<\/span><\/td><td><span>Universidad de Zaragoza<\/span><\/td><td><span>Ega\u00f1a Farizo, Fernando Jos\u00e9 de<\/span><\/td><td><span>Sobresaliente cum laude<\/span><\/td><\/tr><tr><td><span>28\/11\/2024<\/span><\/td><td><span>CONFIGURACI\u00d3N Y READAPTACI\u00d3N INTELIGENTE DE SOFTWARE PARA LA TRANSMISI\u00d3N E INTERACCI\u00d3N DE ALGORITMOS<\/span><\/td><td><span>JES\u00daS ANTONIO ROYO S\u00c1NCHEZ, MAR\u00cdA PILAR LAMB\u00c1N CASTILLO<\/span><\/td><td><span>Universidad de Zaragoza<\/span><\/td><td><span>Burillo Juli\u00e1n, Francisco<\/span><\/td><td><span>Sobresaliente cum laude<\/span><\/td><\/tr><tr><td><span>14\/11\/2024<\/span><\/td><td><span>Development of metrological techniques for the evaluation of macro- and micro- geometries by additive manufacturing polymeric reference standards for X-Ray computed tomography<\/span><\/td><td><span>JOS\u00c9 ANTONIO YAG\u00dcE FABRA, JOS\u00c9 ANTONIO ALBAJEZ GARC\u00cdA<\/span><\/td><td><span>Universidad de Zaragoza<\/span><\/td><td><span>Gallardo Artal, Daniel<\/span><\/td><td><span>Sobresaliente cum laude<\/span><\/td><\/tr><tr><td><span>06\/11\/2024<\/span><\/td><td><span>Design and development of a novel under-actuated smart surface for material flow handling<\/span><\/td><td><span>JOS\u00c9 ANTONIO YAG\u00dcE FABRA, FRANCISCO JAVIER BROSED DUESO<\/span><\/td><td><span>Universidad de Zaragoza<\/span><\/td><td><span>Bianchi  , Edoardo<\/span><\/td><td><span>Sobresaliente cum laude<\/span><\/td><\/tr><tr><td><span>16\/06\/2024<\/span><\/td><td><span>Desarrollo de m\u00e9todos de c\u00e1lculo de incertidumbre en calibraci\u00f3n cinem\u00e1tica de robots<\/span><\/td><td><span>JORGE SANTOLARIA MAZO, RAQUEL ACERO CACHO<\/span><\/td><td><span>Universidad de Zaragoza<\/span><\/td><td><span>Gin\u00e9s Buil, Manuel<\/span><\/td><td><span>Sobresaliente cum laude<\/span><\/td><\/tr><tr><td><span>11\/03\/2024<\/span><\/td><td><span>Simulaci\u00f3n y caracterizaci\u00f3n de sistemas c\u00e1mara-proyector para la medici\u00f3n por proyecci\u00f3n de franjas de luz blanca<\/span><\/td><td><span>JOS\u00c9 ANTONIO ALBAJEZ GARC\u00cdA, JORGE SANTOLARIA MAZO<\/span><\/td><td><span>Universidad de Zaragoza<\/span><\/td><td><span>Tiscare\u00f1o Felix, Julieta<\/span><\/td><td><span>Sobresaliente cum laude<\/span><\/td><\/tr><tr><td><span>19\/12\/2023<\/span><\/td><td><span>ESTUDIO Y CARACTERIZACI\u00d3N DE FACTORES QUE DETERMINEN LOS COSTES Y LA SOSTENIBILIDAD AMBIENTAL DEL PROCESO DE FABRICACI\u00d3N ADITIVA POR DEPOSICI\u00d3N FUNDIDA<\/span><\/td><td><span>JOS\u00c9 ANTONIO ALBAJEZ GARC\u00cdA, MAR\u00cdA PILAR LAMB\u00c1N CASTILLO<\/span><\/td><td><span>Universidad de Zaragoza<\/span><\/td><td><span>Hern\u00e1ndez Korner, Mario Enrique<\/span><\/td><td><span>Sobresaliente cum laude<\/span><\/td><\/tr><tr><td><span>11\/07\/2023<\/span><\/td><td><span>Deep Learning Algorithms in Industry 4.0; Application of Surface defect inspection for quality control<\/span><\/td><td><span>JUAN JOS\u00c9 AGUILAR MART\u00cdN<\/span><\/td><td><span>Universidad de Zaragoza<\/span><\/td><td><span>Sampath  , Vignesh<\/span><\/td><td><span>Sobresaliente cum laude<\/span><\/td><\/tr><tr><td><span>03\/05\/2023<\/span><\/td><td><span> <\/span><\/td><td><span>JOS\u00c9 ANTONIO YAG\u00dcE FABRA<\/span><\/td><td><span>Universidad de Zaragoza<\/span><\/td><td><span>Miqueo Delgado, Adri\u00e1n<\/span><\/td><td><span>Sobresaliente cum laude<\/span><\/td><\/tr><tr><td><span>27\/09\/2022<\/span><\/td><td><span>Dise\u00f1o desde la Persona: hacia una metodolog\u00eda de dise\u00f1o de Sistemas de Producci\u00f3n Lean basada en el respeto a las personas y la optimizaci\u00f3n de la superficie.\r\nPerson-Based-Design: towards a design methodology for Lean Production Systems based on respect-for-human and surface optimization.<\/span><\/td><td><span>JOS\u00c9 ANTONIO YAG\u00dcE FABRA<\/span><\/td><td><span>Universidad de Zaragoza<\/span><\/td><td><span>Gil Vilda, Francisco<\/span><\/td><td><span>Sobresaliente cum laude<\/span><\/td><\/tr><tr><td><span>11\/12\/2019<\/span><\/td><td><span>Desarrollo de nuevas t\u00e9cnicas de verificaci\u00f3n y compensaci\u00f3n de sistemas de fabricaci\u00f3n para metrolog\u00eda dimensional trazable en proceso.<\/span><\/td><td><span>JOS\u00c9 ANTONIO ALBAJEZ GARC\u00cdA, JORGE SANTOLARIA MAZO<\/span><\/td><td><span>Universidad de Zaragoza<\/span><\/td><td><span>P\u00e9rez Mu\u00f1oz, Pablo<\/span><\/td><td><span>Sobresaliente cum laude<\/span><\/td><\/tr><tr><td><span>17\/11\/2019<\/span><\/td><td><span>Positioning Control System for a Large Range 2D Platform with Submicrometre Accuracy for Metrological and Manufacturing Applications.<\/span><\/td><td><span>JOS\u00c9 ANTONIO YAG\u00dcE FABRA, JOS\u00c9 ANTONIO ALBAJEZ GARC\u00cdA<\/span><\/td><td><span>Universidad de Zaragoza<\/span><\/td><td><span>D\u00edaz P\u00e9rez, Luc\u00eda Candela<\/span><\/td><td><span>Sobresaliente cum laude<\/span><\/td><\/tr><tr><td><span>08\/07\/2019<\/span><\/td><td><span>Traceable onboard metrology for machine tools and large-scale systems.<\/span><\/td><td><span>JOS\u00c9 ANTONIO YAG\u00dcE FABRA<\/span><\/td><td><span>Universidad de Zaragoza<\/span><\/td><td><span>Mutilba Larrea, Unai<\/span><\/td><td><span>Sobresaliente cum laude<\/span><\/td><\/tr><tr><td><span>03\/07\/2018<\/span><\/td><td><span>Desarrollo de un proceso de alineaci\u00f3n de piezas en bruto basado en fotogrametr\u00eda para el mecanizado de componentes de grandes dimensiones.<\/span><\/td><td><span>JOS\u00c9 ANTONIO YAG\u00dcE FABRA<\/span><\/td><td><span>Universidad de Zaragoza<\/span><\/td><td><span>Mendicute Garate, Alberto<\/span><\/td><td><span>Sobresaliente cum laude<\/span><\/td><\/tr><tr><td><span>20\/06\/2017<\/span><\/td><td><span>Desarrollo y verificaci\u00f3n de procedimientos de modelado cinem\u00e1tico y t\u00e9cnicas de calibraci\u00f3n de laser trackers basadas en medici\u00f3n de red de reflectores.<\/span><\/td><td><span>JORGE SANTOLARIA MAZO, ANA CRISTINA MAJARENA BELLO<\/span><\/td><td><span>Universidad de Zaragoza<\/span><\/td><td><span>Conte Blasco, Javier<\/span><\/td><td><span>Sobresaliente cum laude<\/span><\/td><\/tr><tr><td><span>26\/10\/2016<\/span><\/td><td><span>Dise\u00f1o, fabricaci\u00f3n, calibraci\u00f3n y caracterizaci\u00f3n de m\u00e1quinas de ensayos de rodadura para engranajes sinf\u00edn-corona.<\/span><\/td><td><span>JORGE SANTOLARIA MAZO<\/span><\/td><td><span>Universidad de Zaragoza<\/span><\/td><td><span>Pueo Arteta, Marcos Jos\u00e9<\/span><\/td><td><span>Sobresaliente cum laude<\/span><\/td><\/tr><tr><td><span>13\/07\/2015<\/span><\/td><td><span>Desarrollo de una posicionadora 2D con precisi\u00f3n submicrom\u00e9trica para aplicaciones metrol\u00f3gicas.<\/span><\/td><td><span>JOS\u00c9 ANTONIO YAG\u00dcE FABRA, JOS\u00c9 ANTONIO ALBAJEZ GARC\u00cdA<\/span><\/td><td><span>Universidad de Zaragoza<\/span><\/td><td><span>Torralba Gracia, Marta<\/span><\/td><td><span>Sobresaliente cum laude<\/span><\/td><\/tr><tr><td><span>21\/06\/2015<\/span><\/td><td><span>Modelo para determinar lotes \u00f3ptimos de producci\u00f3n considerando factores productivos y log\u00edsticos.<\/span><\/td><td><span>MAR\u00cdA PILAR LAMB\u00c1N CASTILLO<\/span><\/td><td><span>Universidad de Zaragoza<\/span><\/td><td><span>Valencia Mendez, Javier Ernesto<\/span><\/td><td><span>Sobresaliente cum laude<\/span><\/td><\/tr><tr><td><span>13\/04\/2015<\/span><\/td><td><span>Desarrollo, implementaci\u00f3n y ensayo de t\u00e9cnicas de verificaci\u00f3n y calibraci\u00f3n de instrumentos port\u00e1tiles de medici\u00f3n por coordenadas mediante plataforma multi-registro.<\/span><\/td><td><span>JORGE SANTOLARIA MAZO<\/span><\/td><td><span>Universidad de Zaragoza<\/span><\/td><td><span>Acero Cacho, Raquel<\/span><\/td><td><span>Sobresaliente cum laude<\/span><\/td><\/tr><tr><td><span>16\/12\/2014<\/span><\/td><td><span>Desarrollo y optimizaci\u00f3n de t\u00e9cnicas de verificaci\u00f3n volum\u00e9trica de m\u00e1quina herramienta mediante l\u00e1ser tracker.<\/span><\/td><td><span>JUAN JOS\u00c9 AGUILAR MART\u00cdN, JORGE SANTOLARIA MAZO<\/span><\/td><td><span>Universidad de Zaragoza<\/span><\/td><td><span>Aguado Jim\u00e9nez, Sergio<\/span><\/td><td><span>Sobresaliente cum laude<\/span><\/td><\/tr><tr><td><span>02\/12\/2014<\/span><\/td><td><span>M\u00e9todo para la verificaci\u00f3n geom\u00e9trica de m\u00e1quinas herramienta seg\u00fan su configuraci\u00f3n: Desarrollo y an\u00e1lisis.<\/span><\/td><td><span>JOS\u00c9 ANTONIO ALBAJEZ GARC\u00cdA<\/span><\/td><td><span>Universidad de Zaragoza<\/span><\/td><td><span>Acosta Higuera, Diana Lizbeth<\/span><\/td><td><span>Sobresaliente &quot;Cum Laude&quot;<\/span><\/td><\/tr><tr><td><span>28\/05\/2014<\/span><\/td><td><span>Modelado cinem\u00e1tico, verificaci\u00f3n y compensaci\u00f3n de error de sistemas de fabricaci\u00f3n aditiva para prototipado r\u00e1pido.<\/span><\/td><td><span>JORGE SANTOLARIA MAZO<\/span><\/td><td><span>Universidad de Zaragoza<\/span><\/td><td><span>Cajal Hernando, Carlos Enrique<\/span><\/td><td><span>Sobresaliente &quot;Cum Laude&quot;<\/span><\/td><\/tr><tr><td><span>02\/12\/2013<\/span><\/td><td><span>Desarrollo de t\u00e9cnicas de calibraci\u00f3n de c\u00e1maras y triangulaci\u00f3n fotogram\u00e9trica para medici\u00f3n estereom\u00e9trica m\u00f3vil.<\/span><\/td><td><span>JUAN JOS\u00c9 AGUILAR MART\u00cdN, JORGE SANTOLARIA MAZO<\/span><\/td><td><span>Universidad de Zaragoza<\/span><\/td><td><span>Samper Carnicer, David<\/span><\/td><td><span>Sobresaliente &quot;Cum Laude&quot;<\/span><\/td><\/tr><tr><td><span>20\/11\/2013<\/span><\/td><td><span>Dise\u00f1o de una plataforma bidimensional con resoluci\u00f3n nanom\u00e9trica y amplio rango de desplazamiento<\/span><\/td><td><span>JOS\u00c9 ANTONIO YAG\u00dcE FABRA, JOS\u00c9 ANTONIO ALBAJEZ GARC\u00cdA<\/span><\/td><td><span>Universidad de Zaragoza<\/span><\/td><td><span>Valenzuela Galvan, Margarita<\/span><\/td><td><span>Sobresaliente &quot;Cum Laude&quot;<\/span><\/td><\/tr><tr><td><span>21\/10\/2013<\/span><\/td><td><span>An\u00e1lisis y mejora de la precisi\u00f3n de sistemas de tomograf\u00eda computerizada en aplicaciones metrol\u00f3gicas.<\/span><\/td><td><span>JOS\u00c9 ANTONIO YAG\u00dcE FABRA<\/span><\/td><td><span>Universidad de Zaragoza<\/span><\/td><td><span>Ontiveros Zepeda, Arturo Sinue<\/span><\/td><td><span>Sobresaliente &quot;Cum Laude&quot;<\/span><\/td><\/tr><tr><td><span>13\/06\/2013<\/span><\/td><td><span>Dise\u00f1o, fabricaci\u00f3n y calibraci\u00f3n de una plataforma multi-registro para la verificaci\u00f3n de instrumentos de medici\u00f3n por coordenadas port\u00e1tiles.<\/span><\/td><td><span>JUAN JOS\u00c9 AGUILAR MART\u00cdN, JORGE SANTOLARIA MAZO<\/span><\/td><td><span>Universidad de Zaragoza<\/span><\/td><td><span>Brau Avila, Agustin<\/span><\/td><td><span>Apto cum laude<\/span><\/td><\/tr><tr><td><span>15\/03\/2011<\/span><\/td><td><span>Dise\u00f1o, modelado e identificaci\u00f3n de par\u00e1metros geom\u00e9tricos de sistemas de posicionamiento basados en cinem\u00e1tica paralela.<\/span><\/td><td><span>JUAN JOS\u00c9 AGUILAR MART\u00cdN, JORGE SANTOLARIA MAZO<\/span><\/td><td><span>Universidad de Zaragoza<\/span><\/td><td><span>Majarena Bello, Ana Cristina<\/span><\/td><td><span>Sobresaliente &quot;Cum Laude&quot;<\/span><\/td><\/tr><tr><td><span>13\/07\/2010<\/span><\/td><td><span>Desarrollo y optimizaci\u00f3n de palpadores cont\u00ednuos y autocentrantes.<\/span><\/td><td><span>JOS\u00c9 ANTONIO YAG\u00dcE FABRA, JOS\u00c9 ANTONIO ALBAJEZ GARC\u00cdA<\/span><\/td><td><span>Universidad de Zaragoza<\/span><\/td><td><span>Vel\u00e1zquez Sancho, Jes\u00fas<\/span><\/td><td><span>Sobresaliente &quot;Cum Laude&quot;<\/span><\/td><\/tr><tr><td><span>08\/06\/2010<\/span><\/td><td><span>Desarrollo y calibraci\u00f3n de un sistema flexible de medici\u00f3n sin contacto de productos de geometr\u00eda compleja.<\/span><\/td><td><span>JUAN JOS\u00c9 AGUILAR MART\u00cdN, JORGE SANTOLARIA MAZO<\/span><\/td><td><span>Universidad de Zaragoza<\/span><\/td><td><span>Brosed Dueso, Francisco Javier<\/span><\/td><td><span>Sobresaliente &quot;Cum Laude&quot;<\/span><\/td><\/tr><tr><td><span>15\/04\/2010<\/span><\/td><td><span>An\u00e1lisis, calibraci\u00f3n y optimizaci\u00f3n de sistemas de medici\u00f3n por coordenadas sin contacto. Aplicaci\u00f3n a un sistema de an\u00e1lisis de movimiento humano<\/span><\/td><td><span>JUAN JOS\u00c9 AGUILAR MART\u00cdN<\/span><\/td><td><span>Universidad de Zaragoza<\/span><\/td><td><span>Royo S\u00e1nchez, Ana Cristina<\/span><\/td><td><span>Sobresaliente &quot;Cum Laude&quot;<\/span><\/td><\/tr><tr><td><span>24\/03\/2010<\/span><\/td><td><span>Desarrollo de sistemas de visi\u00f3n por triangulaci\u00f3n l\u00e1ser aplicados a la inspecci\u00f3n en l\u00ednea de intercambiadores y refrigeradores de veh\u00edculos<\/span><\/td><td><span>JUAN JOS\u00c9 AGUILAR MART\u00cdN<\/span><\/td><td><span>Universidad de Zaragoza<\/span><\/td><td><span>Guillomia San Bartolom\u00e9, David<\/span><\/td><td><span>Sobresaliente &quot;Cum Laude&quot;<\/span><\/td><\/tr><tr><td><span>03\/02\/2010<\/span><\/td><td><span>M\u00e9tricas y auditor\u00edas de mantenimiento: un modelo jerarquizado de cuadro de mando integral.<\/span><\/td><td><span>JES\u00daS ANTONIO ROYO S\u00c1NCHEZ<\/span><\/td><td><span>Universidad de Zaragoza<\/span><\/td><td><span>Galar Pascual, Diego Jesus<\/span><\/td><td><span>Sobresaliente &quot;Cum Laude&quot;<\/span><\/td><\/tr><tr><td><span>21\/01\/2010<\/span><\/td><td><span>Determinaci\u00f3n de costes de procesos de la cadena de suministro e influencia de factores productivows y log\u00edsticos<\/span><\/td><td><span>JES\u00daS ANTONIO ROYO S\u00c1NCHEZ<\/span><\/td><td><span>Universidad de Zaragoza<\/span><\/td><td><span>Lamb\u00e1n Castillo, Mar\u00eda Pilar<\/span><\/td><td><span>Sobresaliente &quot;Cum Laude&quot;<\/span><\/td><\/tr><tr><td><span>23\/02\/2009<\/span><\/td><td><span>Dise\u00f1o, fabricaci\u00f3n y calibraci\u00f3n de un palpador cont\u00ednuo de alto rango para medici\u00f3n por coordenadas.<\/span><\/td><td><span>JUAN JOS\u00c9 AGUILAR MART\u00cdN, JOS\u00c9 ANTONIO YAG\u00dcE FABRA<\/span><\/td><td><span>Universidad de Zaragoza<\/span><\/td><td><span>Albajez Garc\u00eda, Jos\u00e9 Antonio<\/span><\/td><td><span>Sobresaliente &quot;Cum Laude&quot;<\/span><\/td><\/tr><tr><td><span>23\/02\/2009<\/span><\/td><td><span>C\u00e1lculo autom\u00e1tico de secuencias de plegado de chapa mediante algoritmos gen\u00e9ticos.<\/span><\/td><td><span>JUAN JOS\u00c9 AGUILAR MART\u00cdN<\/span><\/td><td><span>Universidad de Zaragoza<\/span><\/td><td><span>Jimenez Pacheco, Roberto<\/span><\/td><td><span>Sobresaliente &quot;Cum Laude&quot;<\/span><\/td><\/tr><tr><td><span>22\/02\/2009<\/span><\/td><td><span>Desarrollo de un sistema de medici\u00f3n por coordenadas de alto rango sin contacto basado en VIsi\u00f3n con TRAcking para la verificaci\u00f3n de M\u00e1quina Herramienta.<\/span><\/td><td><span>JUAN JOS\u00c9 AGUILAR MART\u00cdN, JORGE SANTOLARIA MAZO<\/span><\/td><td><span>Universidad de Zaragoza<\/span><\/td><td><span>Pastor Perez, Jorge Juan<\/span><\/td><td><span>Sobresaliente &quot;Cum Laude&quot;<\/span><\/td><\/tr><tr><td><span>21\/02\/2007<\/span><\/td><td><span>Dise\u00f1o y calibraci\u00f3n de brazos articulados de medici\u00f3n por        coordenadas e integraci\u00f3n de sensor l\u00e1ser por triangulaci\u00f3n para medici\u00f3n sin contacto.<\/span><\/td><td><span>JUAN JOS\u00c9 AGUILAR MART\u00cdN<\/span><\/td><td><span>Universidad de Zaragoza<\/span><\/td><td><span>Santolaria Mazo, Jorge<\/span><\/td><td><span>Sobresaliente &quot;Cum Laude&quot;<\/span><\/td><\/tr><tr><td><span>20\/02\/2007<\/span><\/td><td><span>Modelo para el an\u00e1lisis sistem\u00e1tico de la funci\u00f3n de la calidad en empresas del entorno industrial del sector de la automoci\u00f3n.<\/span><\/td><td><span>JUAN JOS\u00c9 AGUILAR MART\u00cdN<\/span><\/td><td><span>Universidad de Zaragoza<\/span><\/td><td><span>Ariza Andolz, Rafael<\/span><\/td><td><span>Sobresaliente &quot;Cum Laude&quot;<\/span><\/td><\/tr><tr><td><span>06\/03\/2005<\/span><\/td><td><span>Dise\u00f1o, fabricaci\u00f3n y calibraci\u00f3n de palpadores autocentrantes para verificaci\u00f3n de m\u00e1quinas-herramienta.<\/span><\/td><td><span>JUAN JOS\u00c9 AGUILAR MART\u00cdN<\/span><\/td><td><span>Universidad de Zaragoza<\/span><\/td><td><span>Yag\u00fce Fabra, Jos\u00e9 Antonio<\/span><\/td><td><span>Sobresaliente &quot;Cum Laude&quot;<\/span><\/td><\/tr><\/tbody><\/table>\n<\/div>\n<\/div><\/div><\/div><\/div><\/div>","protected":false},"excerpt":{"rendered":"","protected":false},"author":1,"featured_media":0,"parent":0,"menu_order":0,"comment_status":"closed","ping_status":"closed","template":"","meta":{"footnotes":""},"class_list":["post-4012","page","type-page","status-publish"],"_links":{"self":[{"href":"https:\/\/gifma.i3a.es\/es\/wp-json\/wp\/v2\/pages\/4012","targetHints":{"allow":["GET"]}}],"collection":[{"href":"https:\/\/gifma.i3a.es\/es\/wp-json\/wp\/v2\/pages"}],"about":[{"href":"https:\/\/gifma.i3a.es\/es\/wp-json\/wp\/v2\/types\/page"}],"author":[{"embeddable":true,"href":"https:\/\/gifma.i3a.es\/es\/wp-json\/wp\/v2\/users\/1"}],"replies":[{"embeddable":true,"href":"https:\/\/gifma.i3a.es\/es\/wp-json\/wp\/v2\/comments?post=4012"}],"version-history":[{"count":2,"href":"https:\/\/gifma.i3a.es\/es\/wp-json\/wp\/v2\/pages\/4012\/revisions"}],"predecessor-version":[{"id":4379,"href":"https:\/\/gifma.i3a.es\/es\/wp-json\/wp\/v2\/pages\/4012\/revisions\/4379"}],"wp:attachment":[{"href":"https:\/\/gifma.i3a.es\/es\/wp-json\/wp\/v2\/media?parent=4012"}],"curies":[{"name":"wp","href":"https:\/\/api.w.org\/{rel}","templated":true}]}}