{"id":4009,"date":"2025-10-24T11:05:22","date_gmt":"2025-10-24T09:05:22","guid":{"rendered":"https:\/\/gifma.i3a.es\/?page_id=4009"},"modified":"2026-02-08T13:28:49","modified_gmt":"2026-02-08T11:28:49","slug":"books-2","status":"publish","type":"page","link":"https:\/\/gifma.i3a.es\/es\/books-2\/","title":{"rendered":"Libros"},"content":{"rendered":"<div id=\"pl-gb4009-69e38d0d56b39\"  class=\"panel-layout wp-block-siteorigin-panels-layout-block\" ><div id=\"pg-gb4009-69e38d0d56b39-0\"  class=\"panel-grid panel-has-style\" ><div class=\"siteorigin-panels-stretch panel-row-style panel-row-style-for-gb4009-69e38d0d56b39-0\" data-stretch-type=\"full-width-stretch\" ><div id=\"pgc-gb4009-69e38d0d56b39-0-0\"  class=\"panel-grid-cell\" ><div id=\"panel-gb4009-69e38d0d56b39-0-0-0\" class=\"so-panel widget widget_sow-hero panel-first-child panel-last-child\" data-index=\"0\" ><div\n\t\t\t\n\t\t\tclass=\"so-widget-sow-hero so-widget-sow-hero-default-7a011a7c0fd5-4009 so-widget-fittext-wrapper\"\n\t\t\t data-fit-text-compressor=\"0.85\"\n\t\t>\t\t\t\t<div class=\"sow-slider-base\" style=\"display: none\" tabindex=\"0\">\n\t\t\t\t\t<ul\n\t\t\t\t\tclass=\"sow-slider-images\"\n\t\t\t\t\tdata-settings=\"{&quot;pagination&quot;:true,&quot;speed&quot;:800,&quot;timeout&quot;:8000,&quot;paused&quot;:false,&quot;pause_on_hover&quot;:false,&quot;swipe&quot;:true,&quot;nav_always_show_desktop&quot;:&quot;&quot;,&quot;nav_always_show_mobile&quot;:&quot;&quot;,&quot;breakpoint&quot;:&quot;780px&quot;,&quot;unmute&quot;:false,&quot;anchor&quot;:null}\"\n\t\t\t\t\t\t\t\t\t\tdata-anchor-id=\"\"\n\t\t\t\t>\t\t<li class=\"sow-slider-image  sow-slider-image-cover\" style=\"visibility: visible;;background-color: #333333\" >\n\t\t\t\t\t<div class=\"sow-slider-image-container\">\n\t\t\t<div class=\"sow-slider-image-wrapper\">\n\t\t\t\t<h1 class=\"entry-title\" style=\"text-align: center\"><strong>Libros<\/strong><\/h1>\t\t\t<\/div>\n\t\t<\/div>\n\t\t<div class=\"sow-slider-image-overlay sow-slider-image-cover\" style=\"opacity: 0.5;background-image: url(https:\/\/gifma.i3a.es\/wp-content\/uploads\/2024\/07\/fondo.png)\"  ><\/div>\t\t<\/li>\n\t\t<\/ul>\t\t\t\t<ol class=\"sow-slider-pagination\">\n\t\t\t\t\t\t\t\t\t\t\t<li><a href=\"#\" data-goto=\"0\" aria-label=\"mostrar diapositiva 1\"><\/a><\/li>\n\t\t\t\t\t\t\t\t\t<\/ol>\n\n\t\t\t\t<div class=\"sow-slide-nav sow-slide-nav-next\">\n\t\t\t\t\t<a href=\"#\" data-goto=\"next\" aria-label=\"diapositiva siguiente\" data-action=\"next\">\n\t\t\t\t\t\t<em class=\"sow-sld-icon-thin-right\"><\/em>\n\t\t\t\t\t<\/a>\n\t\t\t\t<\/div>\n\n\t\t\t\t<div class=\"sow-slide-nav sow-slide-nav-prev\">\n\t\t\t\t\t<a href=\"#\" data-goto=\"previous\" aria-label=\"diapositiva anterior\" data-action=\"prev\">\n\t\t\t\t\t\t<em class=\"sow-sld-icon-thin-left\"><\/em>\n\t\t\t\t\t<\/a>\n\t\t\t\t<\/div>\n\t\t\t\t<\/div><\/div><\/div><\/div><\/div><\/div><\/div>\n\n<div id=\"pl-gb4009-69e38d0d577ed\"  class=\"panel-layout wp-block-siteorigin-panels-layout-block\" ><div id=\"pg-gb4009-69e38d0d577ed-0\"  class=\"panel-grid panel-no-style\" ><div id=\"pgc-gb4009-69e38d0d577ed-0-0\"  class=\"panel-grid-cell\" ><div id=\"panel-gb4009-69e38d0d577ed-0-0-0\" class=\"so-panel widget widget_sow-editor panel-first-child panel-last-child\" data-index=\"0\" ><div\n\t\t\t\n\t\t\tclass=\"so-widget-sow-editor so-widget-sow-editor-base\"\n\t\t\t\n\t\t>\n<div class=\"siteorigin-widget-tinymce textwidget\">\n\t<h3>Libros<\/h3><form method=\"get\" action=\"\"><label for=\"pg_anio_lib\">Year: <\/label>\r\n        <select name=\"pg_anio_lib\" onchange=\"this.form.submit()\"><option value=\"\" selected>All years<\/option><option value=\"2026\" >2026<\/option><option value=\"2025\" >2025<\/option><option value=\"2024\" >2024<\/option><option value=\"2023\" >2023<\/option><option value=\"2022\" >2022<\/option><option value=\"2021\" >2021<\/option><option value=\"2020\" >2020<\/option><option value=\"2019\" >2019<\/option><option value=\"2018\" >2018<\/option><option value=\"2017\" >2017<\/option><option value=\"2016\" >2016<\/option><option value=\"2015\" >2015<\/option><option value=\"2014\" >2014<\/option><option value=\"2013\" >2013<\/option><option value=\"2012\" >2012<\/option><option value=\"2011\" >2011<\/option><option value=\"2010\" >2010<\/option><option value=\"2009\" >2009<\/option><option value=\"2008\" >2008<\/option><option value=\"2007\" >2007<\/option><option value=\"2006\" >2006<\/option><option value=\"2005\" >2005<\/option><option value=\"2004\" >2004<\/option><option value=\"2003\" >2003<\/option><option value=\"2002\" >2002<\/option><option value=\"2001\" >2001<\/option><option value=\"2000\" >2000<\/option><\/select><input type=\"hidden\" name=\"trp-form-language\" value=\"es\"\/><\/form><br><p class=\"contador\">Total books: <strong>6<\/strong><\/p><table class=\"pg-tabla\"><thead><tr><th>Year<\/th><th>Title<\/th><th>Authors<\/th><th>ISBN<\/th><th>Associated Authors<\/th><\/tr><\/thead><tbody><tr><td class=\"\"><span>2023<\/span><\/td><td class=\"\"><span>Advances in Sustainable and Digitalized Factories: Manufacturing, Measuring Technologies and Systems<\/span><\/td><td class=\"\"><span>Calvo, Roque; Yag\u00fce-Fabra, Jos\u00e9 A.; Tosello, Guido<\/span><\/td><td class=\"col-una-linea\"><span>978-3-0365-7659-6<\/span><\/td><td class=\"\"><span>JOS\u00c9 ANTONIO YAG\u00dcE FABRA<\/span><\/td><\/tr><tr><td class=\"\"><span>2010<\/span><\/td><td class=\"\"><span>Planificaci\u00f3n y gesti\u00f3n de la producci\u00f3n<\/span><\/td><td class=\"\"><span>Jes\u00fas A. Royo S\u00e1nchez, Alejandro Hern\u00e1ndez Paricio, Luis Berges Muro, Jos\u00e9 Manuel Franco Gimeno.<\/span><\/td><td class=\"col-una-linea\"><span>8488502982<\/span><\/td><td class=\"\"><span>JES\u00daS ANTONIO ROYO S\u00c1NCHEZ<\/span><\/td><\/tr><tr><td class=\"\"><span>2006<\/span><\/td><td class=\"\"><span>Buenas pr\u00e1cticas en la gesti\u00f3n de la cadena de suministro: estudio emp\u00edrico<\/span><\/td><td class=\"\"><span>M\u00aa Jes\u00fas Sa\u00e9nz &#8230; [et al.]<\/span><\/td><td class=\"col-una-linea\"><span><\/span><\/td><td class=\"\"><span>JES\u00daS ANTONIO ROYO S\u00c1NCHEZ<\/span><\/td><\/tr><tr><td class=\"\"><span>2005<\/span><\/td><td class=\"\"><span>Introducci\u00f3n a los procesos de fabricaci\u00f3n<\/span><\/td><td class=\"\"><span>autores Carlos Valero Ruiz, Juan Carlos De Francisco Moreno, Mar\u00eda Jos\u00e9 Oliveros, Jos\u00e9 Antonio Yag\u00fce; con la colaboraci\u00f3n de Fernando Torres, Luis Berges.<\/span><\/td><td class=\"col-una-linea\"><span>8488502877<\/span><\/td><td class=\"\"><span>JOS\u00c9 ANTONIO YAG\u00dcE FABRA<\/span><\/td><\/tr><tr><td class=\"\"><span>2004<\/span><\/td><td class=\"\"><span>Introducci\u00f3n a los procesos de fabricaci\u00f3n<\/span><\/td><td class=\"\"><span>autores Carlos Valero Ruiz, Juan Carlos De Francisco Moreno, Mar\u00eda Jos\u00e9 Oliveros, Jos\u00e9 Antonio Yag\u00fce; con la colaboraci\u00f3n de Fernando Torres, Luis Berges.<\/span><\/td><td class=\"col-una-linea\"><span>8488502877<\/span><\/td><td class=\"\"><span>JOS\u00c9 ANTONIO YAG\u00dcE FABRA<\/span><\/td><\/tr><tr><td class=\"\"><span>2002<\/span><\/td><td class=\"\"><span>Mantenimiento industrial integral<\/span><\/td><td class=\"\"><span>Jes\u00fas A. Royo S\u00e1nchez, Mariano Bolea Bitri\u00e1n, Fernando Torres Leza, Juan Jos\u00e9 Aguilar Mart\u00edn.<\/span><\/td><td class=\"col-una-linea\"><span>8488502990<\/span><\/td><td class=\"\"><span>JUAN JOS\u00c9 AGUILAR MART\u00cdN, JES\u00daS ANTONIO ROYO S\u00c1NCHEZ<\/span><\/td><\/tr><\/tbody><\/table>\n<\/div>\n<\/div><\/div><\/div><\/div><\/div>","protected":false},"excerpt":{"rendered":"","protected":false},"author":1,"featured_media":0,"parent":0,"menu_order":0,"comment_status":"closed","ping_status":"closed","template":"","meta":{"footnotes":""},"class_list":["post-4009","page","type-page","status-publish"],"_links":{"self":[{"href":"https:\/\/gifma.i3a.es\/es\/wp-json\/wp\/v2\/pages\/4009","targetHints":{"allow":["GET"]}}],"collection":[{"href":"https:\/\/gifma.i3a.es\/es\/wp-json\/wp\/v2\/pages"}],"about":[{"href":"https:\/\/gifma.i3a.es\/es\/wp-json\/wp\/v2\/types\/page"}],"author":[{"embeddable":true,"href":"https:\/\/gifma.i3a.es\/es\/wp-json\/wp\/v2\/users\/1"}],"replies":[{"embeddable":true,"href":"https:\/\/gifma.i3a.es\/es\/wp-json\/wp\/v2\/comments?post=4009"}],"version-history":[{"count":2,"href":"https:\/\/gifma.i3a.es\/es\/wp-json\/wp\/v2\/pages\/4009\/revisions"}],"predecessor-version":[{"id":4378,"href":"https:\/\/gifma.i3a.es\/es\/wp-json\/wp\/v2\/pages\/4009\/revisions\/4378"}],"wp:attachment":[{"href":"https:\/\/gifma.i3a.es\/es\/wp-json\/wp\/v2\/media?parent=4009"}],"curies":[{"name":"wp","href":"https:\/\/api.w.org\/{rel}","templated":true}]}}