{"id":4005,"date":"2025-10-24T10:52:57","date_gmt":"2025-10-24T08:52:57","guid":{"rendered":"https:\/\/gifma.i3a.es\/?page_id=4005"},"modified":"2026-02-05T13:18:49","modified_gmt":"2026-02-05T11:18:49","slug":"chapters","status":"publish","type":"page","link":"https:\/\/gifma.i3a.es\/es\/chapters\/","title":{"rendered":"Chapters"},"content":{"rendered":"<div id=\"pl-gb4005-69e38a967452e\"  class=\"panel-layout wp-block-siteorigin-panels-layout-block\" ><div id=\"pg-gb4005-69e38a967452e-0\"  class=\"panel-grid panel-has-style\" ><div class=\"siteorigin-panels-stretch panel-row-style panel-row-style-for-gb4005-69e38a967452e-0\" data-stretch-type=\"full-width-stretch\" ><div id=\"pgc-gb4005-69e38a967452e-0-0\"  class=\"panel-grid-cell\" ><div id=\"panel-gb4005-69e38a967452e-0-0-0\" class=\"so-panel widget widget_sow-hero panel-first-child panel-last-child\" data-index=\"0\" ><div\n\t\t\t\n\t\t\tclass=\"so-widget-sow-hero so-widget-sow-hero-default-7a011a7c0fd5-4005 so-widget-fittext-wrapper\"\n\t\t\t data-fit-text-compressor=\"0.85\"\n\t\t>\t\t\t\t<div class=\"sow-slider-base\" style=\"display: none\" tabindex=\"0\">\n\t\t\t\t\t<ul\n\t\t\t\t\tclass=\"sow-slider-images\"\n\t\t\t\t\tdata-settings=\"{&quot;pagination&quot;:true,&quot;speed&quot;:800,&quot;timeout&quot;:8000,&quot;paused&quot;:false,&quot;pause_on_hover&quot;:false,&quot;swipe&quot;:true,&quot;nav_always_show_desktop&quot;:&quot;&quot;,&quot;nav_always_show_mobile&quot;:&quot;&quot;,&quot;breakpoint&quot;:&quot;780px&quot;,&quot;unmute&quot;:false,&quot;anchor&quot;:null}\"\n\t\t\t\t\t\t\t\t\t\tdata-anchor-id=\"\"\n\t\t\t\t>\t\t<li class=\"sow-slider-image  sow-slider-image-cover\" style=\"visibility: visible;;background-color: #333333\" >\n\t\t\t\t\t<div class=\"sow-slider-image-container\">\n\t\t\t<div class=\"sow-slider-image-wrapper\">\n\t\t\t\t<h1 class=\"entry-title\" style=\"text-align: center\"><strong>Chapters<\/strong><\/h1>\t\t\t<\/div>\n\t\t<\/div>\n\t\t<div class=\"sow-slider-image-overlay sow-slider-image-cover\" style=\"opacity: 0.5;background-image: url(https:\/\/gifma.i3a.es\/wp-content\/uploads\/2024\/07\/fondo.png)\"  ><\/div>\t\t<\/li>\n\t\t<\/ul>\t\t\t\t<ol class=\"sow-slider-pagination\">\n\t\t\t\t\t\t\t\t\t\t\t<li><a href=\"#\" data-goto=\"0\" aria-label=\"mostrar diapositiva 1\"><\/a><\/li>\n\t\t\t\t\t\t\t\t\t<\/ol>\n\n\t\t\t\t<div class=\"sow-slide-nav sow-slide-nav-next\">\n\t\t\t\t\t<a href=\"#\" data-goto=\"next\" aria-label=\"diapositiva siguiente\" data-action=\"next\">\n\t\t\t\t\t\t<em class=\"sow-sld-icon-thin-right\"><\/em>\n\t\t\t\t\t<\/a>\n\t\t\t\t<\/div>\n\n\t\t\t\t<div class=\"sow-slide-nav sow-slide-nav-prev\">\n\t\t\t\t\t<a href=\"#\" data-goto=\"previous\" aria-label=\"diapositiva anterior\" data-action=\"prev\">\n\t\t\t\t\t\t<em class=\"sow-sld-icon-thin-left\"><\/em>\n\t\t\t\t\t<\/a>\n\t\t\t\t<\/div>\n\t\t\t\t<\/div><\/div><\/div><\/div><\/div><\/div><\/div>\n\n<div id=\"pl-gb4005-69e38a96751e5\"  class=\"panel-layout wp-block-siteorigin-panels-layout-block\" ><div id=\"pg-gb4005-69e38a96751e5-0\"  class=\"panel-grid panel-no-style\" ><div id=\"pgc-gb4005-69e38a96751e5-0-0\"  class=\"panel-grid-cell\" ><div id=\"panel-gb4005-69e38a96751e5-0-0-0\" class=\"so-panel widget widget_sow-editor panel-first-child panel-last-child\" data-index=\"0\" ><div\n\t\t\t\n\t\t\tclass=\"so-widget-sow-editor so-widget-sow-editor-base\"\n\t\t\t\n\t\t>\n<div class=\"siteorigin-widget-tinymce textwidget\">\n\t<form method=\"get\" action=\"\"><label for=\"pg_anio_cap\">Year: <\/label>\r\n        <select name=\"pg_anio_cap\" onchange=\"this.form.submit()\"><option value=\"\" selected>All years<\/option><option value=\"2026\" >2026<\/option><option value=\"2025\" >2025<\/option><option value=\"2024\" >2024<\/option><option value=\"2023\" >2023<\/option><option value=\"2022\" >2022<\/option><option value=\"2021\" >2021<\/option><option value=\"2020\" >2020<\/option><option value=\"2019\" >2019<\/option><option value=\"2018\" >2018<\/option><option value=\"2017\" >2017<\/option><option value=\"2016\" >2016<\/option><option value=\"2015\" >2015<\/option><option value=\"2014\" >2014<\/option><option value=\"2013\" >2013<\/option><option value=\"2012\" >2012<\/option><option value=\"2011\" >2011<\/option><option value=\"2010\" >2010<\/option><option value=\"2009\" >2009<\/option><option value=\"2008\" >2008<\/option><option value=\"2007\" >2007<\/option><option value=\"2006\" >2006<\/option><option value=\"2005\" >2005<\/option><option value=\"2004\" >2004<\/option><option value=\"2003\" >2003<\/option><option value=\"2002\" >2002<\/option><option value=\"2001\" >2001<\/option><option value=\"2000\" >2000<\/option><\/select><input type=\"hidden\" name=\"trp-form-language\" value=\"es\"\/><\/form><br><p class=\"contador\">Total chapters: <strong>23<\/strong><\/p><table class=\"pg-tabla\"><thead><tr><th>Year<\/th><th>Title<\/th><th>Book Title<\/th><th>Authors<\/th><th>ISBN<\/th><th>Associated Authors<\/th><\/tr><\/thead><tbody><tr><td class=\"\"><span>2022<\/span><\/td><td class=\"\"><span>Integration of a piezostage and a measuring instrument in a two-stage long-range nanopositioning platform<\/span><\/td><td class=\"\"><span>Proceedings of the 22nd International Conference of the European Society for Precision Engineering and Nanotechnology<\/span><\/td><td class=\"\"><span>Muro, Laura; Diaz P\u00e9rez, Luc\u00eda Candela; Torralba Gracia, Marta; Albajez Garc\u00eda, Jos\u00e9 Antonio; Yag\u00fce Fabra, Jos\u00e9 Antonio<\/span><\/td><td class=\"col-una-linea\"><span>978-1-9989991-1-8<\/span><\/td><td class=\"\"><span>JOS\u00c9 ANTONIO YAG\u00dcE FABRA, JOS\u00c9 ANTONIO ALBAJEZ GARC\u00cdA<\/span><\/td><\/tr><tr><td class=\"\"><span>2022<\/span><\/td><td class=\"\"><span>The MIIM method for the environmental thermal error study of large machine tools: A real case study<\/span><\/td><td class=\"\"><span>Proceedings of the 22nd International Conference of the European Society for Precision Engineering and Nanotechnology<\/span><\/td><td class=\"\"><span>Ega\u00f1a, Fernando; Yag\u00fce Fabra, Jos\u00e9 Antonio; Mutilba, Unai; Eguskiza, J<\/span><\/td><td class=\"col-una-linea\"><span>978-1-9989991-1-8<\/span><\/td><td class=\"\"><span>JOS\u00c9 ANTONIO YAG\u00dcE FABRA<\/span><\/td><\/tr><tr><td class=\"\"><span>2021<\/span><\/td><td class=\"\"><span>Protecci\u00f3n por desempleo : contexto y modificaciones en la prestaci\u00f3n<\/span><\/td><td class=\"\"><span>Crisis econ\u00f3mica y empleo : la experiencia judicial aplicativa de las \u00faltimas reformas laborales<\/span><\/td><td class=\"\"><span>M. Carmen Aguilar Mart\u00edn<\/span><\/td><td class=\"col-una-linea\"><span><\/span><\/td><td class=\"\"><span>JUAN JOS\u00c9 AGUILAR MART\u00cdN<\/span><\/td><\/tr><tr><td class=\"\"><span>2018<\/span><\/td><td class=\"\"><span>Aprendizaje profundo de conceptos b\u00e1sicos de Lean a trav\u00e9s de juegos : Gamification para el aprendizaje<\/span><\/td><td class=\"\"><span>La difusi\u00f3n de la innovaci\u00f3n docente: retos y reflexiones<\/span><\/td><td class=\"\"><span>Yag\u00fce Fabra, J. A., Gil Vila [sic], F.<\/span><\/td><td class=\"col-una-linea\"><span>9788409007264<\/span><\/td><td class=\"\"><span>JOS\u00c9 ANTONIO YAG\u00dcE FABRA<\/span><\/td><\/tr><tr><td class=\"\"><span>2018<\/span><\/td><td class=\"\"><span>Profesores anfitriones y visitantes: intercambio de experiencias y metodolog\u00edas para la adquisici\u00f3n de competencias transversales. Red AprenRED para el intercambio de experiencias docentes en la Universidad de Zaragoza<\/span><\/td><td class=\"\"><span>Innovaci\u00f3n docente y aprendizaje: experiencias y retos<\/span><\/td><td class=\"\"><span>Yag\u00fce, J. A. [et al.]<\/span><\/td><td class=\"col-una-linea\"><span>9788409057559<\/span><\/td><td class=\"\"><span>JOS\u00c9 ANTONIO YAG\u00dcE FABRA<\/span><\/td><\/tr><tr><td class=\"\"><span>2017<\/span><\/td><td class=\"\"><span>La planificaci\u00f3n y la evaluaci\u00f3n del Trabajo de Fin de Grado desde una visi\u00f3n multidisciplinar: AprenRED : evaluaci\u00f3n multidisciplinar del Trabajo de Fin de Grado<\/span><\/td><td class=\"\"><span>Repensar la Universidad<\/span><\/td><td class=\"\"><span>Loste Montoya, A., Yag\u00fce Fabra, J. A., Escuchuri A\u00edsa, E., Alastuey Dob\u00f3n, C., \u00c1lvarez Lanzarote, I., Bordonaba Juste, M. V., Solsona M<\/span><\/td><td class=\"col-una-linea\"><span>9788461780969<\/span><\/td><td class=\"\"><span>JOS\u00c9 ANTONIO YAG\u00dcE FABRA<\/span><\/td><\/tr><tr><td class=\"\"><span>2017<\/span><\/td><td class=\"\"><span>La investigaci\u00f3n como elemento sin\u00e9rgico e integrador entre materias<\/span><\/td><td class=\"\"><span>Repensar la Universidad<\/span><\/td><td class=\"\"><span>Albajez Garc\u00eda, J. A., Cascarosa Salillas, E., Vel\u00e1zquez Sancho, J., Santolaria Mazo, J.<\/span><\/td><td class=\"col-una-linea\"><span>9788461780969<\/span><\/td><td class=\"\"><span>JOS\u00c9 ANTONIO ALBAJEZ GARC\u00cdA, JORGE SANTOLARIA MAZO, JES\u00daS VEL\u00c1ZQUEZ SANCHO<\/span><\/td><\/tr><tr><td class=\"\"><span>2017<\/span><\/td><td class=\"\"><span>Majarena Serrano, U., Gil Imaz, A., Lago San Jos\u00e9, M., Gal\u00e9 Bornao, C., Pueyo Anchuela, \u00d3.<\/span><\/td><td class=\"\"><span>Libro de res\u00famenes Magiber X Valle del Gr\u00edo.<\/span><\/td><td class=\"\"><span>Majarena Serrano, U.; Gil Imaz, A.; Lago San Jos\u00e9, M.; Gal\u00e9 Bornao, C.; Pueyo Anchuela, \u00d3.<\/span><\/td><td class=\"col-una-linea\"><span>978-84-16723-40-9<\/span><\/td><td class=\"\"><span>ANA CRISTINA MAJARENA BELLO<\/span><\/td><\/tr><tr><td class=\"\"><span>2017<\/span><\/td><td class=\"\"><span>La investigaci\u00f3n como elemento sin\u00e9rgico e integrador entre materias<\/span><\/td><td class=\"\"><span>I Jornadas de Innovaci\u00f3n Docente 2015: Repensar la Universidad <\/span><\/td><td class=\"\"><span>Cascarosa Salillas, Mar\u00eda Esther ; Albajez Garc\u00eda, J. A. ; Vel\u00e1zquez Sancho, J. ; Santolaria Mazo, J.<\/span><\/td><td class=\"col-una-linea\"><span>978-84-617-8096-9<\/span><\/td><td class=\"\"><span>JOS\u00c9 ANTONIO ALBAJEZ GARC\u00cdA, JORGE SANTOLARIA MAZO, JES\u00daS VEL\u00c1ZQUEZ SANCHO<\/span><\/td><\/tr><tr><td class=\"\"><span>2017<\/span><\/td><td class=\"\"><span>La planificaci\u00f3n y la evaluaci\u00f3n del Trabajo de Fin de Grado desde una visi\u00f3n multidisciplinar. AprenRED: evaluaci\u00f3n multidisciplinar del Trabajo de Fin de Grado<\/span><\/td><td class=\"\"><span>Repensar la Universidad<\/span><\/td><td class=\"\"><span>Loste Montoya, A.; Yag\u00fce Fabra, J. A.; Escuchuri A\u00edsa, E.; Alastuey Dob\u00f3n, C.; \u00c1lvarez Lanzarote, I.; Bordonaba Juste, M. V.; Solsona Mart\u00ednez, C.; Aisa Arenaz, J.; Lanuza Gim\u00e9nez, F. J.; Prieto Mart\u00edn, J.<\/span><\/td><td class=\"col-una-linea\"><span>978-84-617-8096-9<\/span><\/td><td class=\"\"><span>JOS\u00c9 ANTONIO YAG\u00dcE FABRA<\/span><\/td><\/tr><tr><td class=\"\"><span>2016<\/span><\/td><td class=\"\"><span>A self-calibration methodology for a 2D-long range motion stage<\/span><\/td><td class=\"\"><span>Proceedings of the 16th international conference of the european society for precision engineering and nanotechnology<\/span><\/td><td class=\"\"><span>Torralba, M.; D\u00edaz-P\u00e9rez, L.C.; Valenzuela, M.; Albajez, J.; Yag\u00fce-Fabra, J.A. ; Aguilar, J.J. <\/span><\/td><td class=\"col-una-linea\"><span>978-0-9566790-8-6<\/span><\/td><td class=\"\"><span>JUAN JOS\u00c9 AGUILAR MART\u00cdN, JOS\u00c9 ANTONIO YAG\u00dcE FABRA, JOS\u00c9 ANTONIO ALBAJEZ GARC\u00cdA<\/span><\/td><\/tr><tr><td class=\"\"><span>2016<\/span><\/td><td class=\"\"><span>Auto-calibraci\u00f3n del sistema de posicionamiento de una plataforma de movimiento en 2D<\/span><\/td><td class=\"\"><span>XXI Congreso Nacional de Ingenier\u00eda Mec\u00e1nica<\/span><\/td><td class=\"\"><span>Yag\u00fce Fabra, Jos\u00e9 Antonio<\/span><\/td><td class=\"col-una-linea\"><span>978-84-16024-37-7<\/span><\/td><td class=\"\"><span>JUAN JOS\u00c9 AGUILAR MART\u00cdN, JOS\u00c9 ANTONIO YAG\u00dcE FABRA, JOS\u00c9 ANTONIO ALBAJEZ GARC\u00cdA<\/span><\/td><\/tr><tr><td class=\"\"><span>2015<\/span><\/td><td class=\"\"><span>La investigaci\u00f3n como elemento sin\u00e9rgico e integrador entre materias<\/span><\/td><td class=\"\"><span>I Jornadas de Innovaci\u00f3n Docente Campus Iberus y IX Jornadas de Innovaci\u00f3n Docente e Investigaci\u00f3n Educativa UZ<\/span><\/td><td class=\"\"><span>Cascarosa Salillas, Mar\u00eda Esther ; Albajez Garc\u00eda, Jos\u00e9 Antonio ;  Vel\u00e1zquez Sancho, Jes\u00fas ; Santolaria Mazo, Jorge<\/span><\/td><td class=\"col-una-linea\"><span>978-84-608-2265-3<\/span><\/td><td class=\"\"><span>JOS\u00c9 ANTONIO ALBAJEZ GARC\u00cdA, JORGE SANTOLARIA MAZO, JES\u00daS VEL\u00c1ZQUEZ SANCHO<\/span><\/td><\/tr><tr><td class=\"\"><span>2014<\/span><\/td><td class=\"\"><span>Integraci\u00f3n y orientaci\u00f3n de estudiantes, desarrollo de competencias gen\u00e9ricas y experiencias de dise\u00f1o curricular<\/span><\/td><td class=\"\"><span>Gesti\u00f3n de la innovaci\u00f3n en las titulaciones<\/span><\/td><td class=\"\"><span>Yag\u00fce Fabra, Jos\u00e9 Antonio<\/span><\/td><td class=\"col-una-linea\"><span>978-84-695-98<\/span><\/td><td class=\"\"><span>JOS\u00c9 ANTONIO YAG\u00dcE FABRA<\/span><\/td><\/tr><tr><td class=\"\"><span>2014<\/span><\/td><td class=\"\"><span>Design of a zero course for quality engineering<\/span><\/td><td class=\"\"><span>Gesti\u00f3n de la Innovaci\u00f3n en las Titulaciones<\/span><\/td><td class=\"\"><span>Acero, Raquel1; Val, Sonia; Sancho, Joaqu\u00edn; Torralba, Marta; Mart\u00ednez, Javier; Pastor, Jorge<\/span><\/td><td class=\"col-una-linea\"><span>978-84-695-98<\/span><\/td><td class=\"\"><span>RAQUEL ACERO CACHO<\/span><\/td><\/tr><tr><td class=\"\"><span>2014<\/span><\/td><td class=\"\"><span>Project-based learning for quality engineering. From \u2018know\u2019 to \u2018know how\u2019<\/span><\/td><td class=\"\"><span>Gesti\u00f3n de la Innovaci\u00f3n en las Titulaciones<\/span><\/td><td class=\"\"><span>Torralba Gracia, Marta; Acero Cacho, Raquel; Sancho Val, Joaqu\u00edn; Pastor P\u00e9rez, Jorge<\/span><\/td><td class=\"col-una-linea\"><span>978-84-695-98<\/span><\/td><td class=\"\"><span>RAQUEL ACERO CACHO<\/span><\/td><\/tr><tr><td class=\"\"><span>2014<\/span><\/td><td class=\"\"><span>Metrology<\/span><\/td><td class=\"\"><span>CIRP Encyclopedia of Production Engineering<\/span><\/td><td class=\"\"><span>Yag\u00fce Fabra, Jos\u00e9 Antonio<\/span><\/td><td class=\"col-una-linea\"><span>978-3-642-20616-0<\/span><\/td><td class=\"\"><span>JOS\u00c9 ANTONIO YAG\u00dcE FABRA<\/span><\/td><\/tr><tr><td class=\"\"><span>2014<\/span><\/td><td class=\"\"><span>Dise\u00f1o de un curso cero para ingenier\u00eda de la calidad. El aprendizaje significativo frente al memorismo<\/span><\/td><td class=\"\"><span>Gesti\u00f3n de la innovaci\u00f3n en las titulaciones<\/span><\/td><td class=\"\"><span>Acero, Raquel; Val, Sonia; Sancho,Joaqu\u00edn; Torralba, Marta; Mart\u00ednez, Javier; Pastor, Jorge <\/span><\/td><td class=\"col-una-linea\"><span>978-84-695-9872-6<\/span><\/td><td class=\"\"><span>RAQUEL ACERO CACHO<\/span><\/td><\/tr><tr><td class=\"\"><span>2014<\/span><\/td><td class=\"\"><span>Metodolog\u00edas activas en el aprendizaje de ingenier\u00eda de la calidad. Del saber al saber hacer<\/span><\/td><td class=\"\"><span>Gesti\u00f3n de la innovaci\u00f3n en las titulaciones<\/span><\/td><td class=\"\"><span>Torralba, Marta; Acero, Raquel; Sancho,Joaqu\u00edn; Pastor, Jorge <\/span><\/td><td class=\"col-una-linea\"><span>978-84-695-9872-6<\/span><\/td><td class=\"\"><span>RAQUEL ACERO CACHO<\/span><\/td><\/tr><tr><td class=\"\"><span>2012<\/span><\/td><td class=\"\"><span>Las TICs como herramientas facilitadoras de la docencia: el ejemplo de los formularios de GoogleDocs<\/span><\/td><td class=\"\"><span>Buenas pr\u00e1cticas en la docencia universitaria con apoyo de TIC. Experiencias en 2011<\/span><\/td><td class=\"\"><span> Cajal Hernando, Carlos Enrique; Garrido Rubio, Ana; Montaner Guti\u00e9rrez, Teresa; Santolaria Mazo, Jorge <\/span><\/td><td class=\"col-una-linea\"><span>978-84-15538-38-7<\/span><\/td><td class=\"\"><span>JORGE SANTOLARIA MAZO<\/span><\/td><\/tr><tr><td class=\"\"><span>2010<\/span><\/td><td class=\"\"><span>Flexible Supply Chains: A Boost for Risk Mitigation?<\/span><\/td><td class=\"\"><span>Managing Risk in Virtual Enterprise Networks: Implementing Supply Chain Principles<\/span><\/td><td class=\"\"><span>M\u00aa Jes\u00fas S\u00e1enz; M\u00aa Pilar Lamb\u00e1n; Eva Navarro<\/span><\/td><td class=\"col-una-linea\"><span>9781615206070<\/span><\/td><td class=\"\"><span>MAR\u00cdA PILAR LAMB\u00c1N CASTILLO<\/span><\/td><\/tr><tr><td class=\"\"><span>2007<\/span><\/td><td class=\"\"><span>Redes hologr\u00e1ficas delgadas de fase: aplicaci\u00f3n en la generaci\u00f3n de haces estructurados para sistemas de inspecci\u00f3n no intrusiva<\/span><\/td><td class=\"\"><span>Algunas cuestiones de Ciencia: libro homenaje al profesor Manuel Quintanilla<\/span><\/td><td class=\"\"><span>Alfonso Blesa, Juan J. Aguilar.<\/span><\/td><td class=\"col-una-linea\"><span>9788477339212<\/span><\/td><td class=\"\"><span>JUAN JOS\u00c9 AGUILAR MART\u00cdN<\/span><\/td><\/tr><tr><td class=\"\"><span>2005<\/span><\/td><td class=\"\"><span>Application of opto-electronical sensors for machine-tool self-centring probes optimisation<\/span><\/td><td class=\"\"><span>Laser Metrology and Machine Performance VII<\/span><\/td><td class=\"\"><span>Juan Jos\u00e9 Aguilar Mart\u00edn, Eugen Trapet, Jos\u00e9 Antonio Albajez<\/span><\/td><td class=\"col-una-linea\"><span>1861941188<\/span><\/td><td class=\"\"><span>JOS\u00c9 ANTONIO YAG\u00dcE FABRA<\/span><\/td><\/tr><\/tbody><\/table>\n<\/div>\n<\/div><\/div><\/div><\/div><\/div>","protected":false},"excerpt":{"rendered":"","protected":false},"author":1,"featured_media":0,"parent":0,"menu_order":0,"comment_status":"closed","ping_status":"closed","template":"","meta":{"footnotes":""},"class_list":["post-4005","page","type-page","status-publish"],"_links":{"self":[{"href":"https:\/\/gifma.i3a.es\/es\/wp-json\/wp\/v2\/pages\/4005","targetHints":{"allow":["GET"]}}],"collection":[{"href":"https:\/\/gifma.i3a.es\/es\/wp-json\/wp\/v2\/pages"}],"about":[{"href":"https:\/\/gifma.i3a.es\/es\/wp-json\/wp\/v2\/types\/page"}],"author":[{"embeddable":true,"href":"https:\/\/gifma.i3a.es\/es\/wp-json\/wp\/v2\/users\/1"}],"replies":[{"embeddable":true,"href":"https:\/\/gifma.i3a.es\/es\/wp-json\/wp\/v2\/comments?post=4005"}],"version-history":[{"count":2,"href":"https:\/\/gifma.i3a.es\/es\/wp-json\/wp\/v2\/pages\/4005\/revisions"}],"predecessor-version":[{"id":4331,"href":"https:\/\/gifma.i3a.es\/es\/wp-json\/wp\/v2\/pages\/4005\/revisions\/4331"}],"wp:attachment":[{"href":"https:\/\/gifma.i3a.es\/es\/wp-json\/wp\/v2\/media?parent=4005"}],"curies":[{"name":"wp","href":"https:\/\/api.w.org\/{rel}","templated":true}]}}