{"id":198,"date":"2017-08-01T09:00:06","date_gmt":"2017-08-01T07:00:06","guid":{"rendered":"http:\/\/rushmore.wpcolorlab.com\/?page_id=198"},"modified":"2026-02-09T09:37:58","modified_gmt":"2026-02-09T07:37:58","slug":"team","status":"publish","type":"page","link":"https:\/\/gifma.i3a.es\/es\/team\/","title":{"rendered":"Investigadores"},"content":{"rendered":"<div id=\"pl-gb198-69e38a8fd101d\"  class=\"panel-layout wp-block-siteorigin-panels-layout-block\" ><div id=\"pg-gb198-69e38a8fd101d-0\"  class=\"panel-grid panel-has-style\" ><div class=\"siteorigin-panels-stretch panel-row-style panel-row-style-for-gb198-69e38a8fd101d-0\" data-stretch-type=\"full-width-stretch\" ><div id=\"pgc-gb198-69e38a8fd101d-0-0\"  class=\"panel-grid-cell\" ><div id=\"panel-gb198-69e38a8fd101d-0-0-0\" class=\"so-panel widget widget_sow-hero panel-first-child panel-last-child\" data-index=\"0\" ><div\n\t\t\t\n\t\t\tclass=\"so-widget-sow-hero so-widget-sow-hero-default-7a011a7c0fd5-198 so-widget-fittext-wrapper\"\n\t\t\t data-fit-text-compressor=\"0.85\"\n\t\t>\t\t\t\t<div class=\"sow-slider-base\" style=\"display: none\" tabindex=\"0\">\n\t\t\t\t\t<ul\n\t\t\t\t\tclass=\"sow-slider-images\"\n\t\t\t\t\tdata-settings=\"{&quot;pagination&quot;:true,&quot;speed&quot;:800,&quot;timeout&quot;:8000,&quot;paused&quot;:false,&quot;pause_on_hover&quot;:false,&quot;swipe&quot;:true,&quot;nav_always_show_desktop&quot;:&quot;&quot;,&quot;nav_always_show_mobile&quot;:&quot;&quot;,&quot;breakpoint&quot;:&quot;780px&quot;,&quot;unmute&quot;:false,&quot;anchor&quot;:null}\"\n\t\t\t\t\t\t\t\t\t\tdata-anchor-id=\"\"\n\t\t\t\t>\t\t<li class=\"sow-slider-image  sow-slider-image-cover\" style=\"visibility: visible;;background-color: #333333\" >\n\t\t\t\t\t<div class=\"sow-slider-image-container\">\n\t\t\t<div class=\"sow-slider-image-wrapper\">\n\t\t\t\t<h1 class=\"entry-title\" style=\"text-align: center\"><strong>Investigadores<\/strong><\/h1>\n\t\t\t<\/div>\n\t\t<\/div>\n\t\t<div class=\"sow-slider-image-overlay sow-slider-image-cover\" style=\"opacity: 0.5;background-image: url(https:\/\/gifma.i3a.es\/wp-content\/uploads\/2024\/07\/fondo.png)\"  ><\/div>\t\t<\/li>\n\t\t<\/ul>\t\t\t\t<ol class=\"sow-slider-pagination\">\n\t\t\t\t\t\t\t\t\t\t\t<li><a href=\"#\" data-goto=\"0\" aria-label=\"mostrar diapositiva 1\"><\/a><\/li>\n\t\t\t\t\t\t\t\t\t<\/ol>\n\n\t\t\t\t<div class=\"sow-slide-nav sow-slide-nav-next\">\n\t\t\t\t\t<a href=\"#\" data-goto=\"next\" aria-label=\"diapositiva siguiente\" data-action=\"next\">\n\t\t\t\t\t\t<em class=\"sow-sld-icon-thin-right\"><\/em>\n\t\t\t\t\t<\/a>\n\t\t\t\t<\/div>\n\n\t\t\t\t<div class=\"sow-slide-nav sow-slide-nav-prev\">\n\t\t\t\t\t<a href=\"#\" data-goto=\"previous\" aria-label=\"diapositiva anterior\" data-action=\"prev\">\n\t\t\t\t\t\t<em class=\"sow-sld-icon-thin-left\"><\/em>\n\t\t\t\t\t<\/a>\n\t\t\t\t<\/div>\n\t\t\t\t<\/div><\/div><\/div><\/div><\/div><\/div><\/div>\n\n<div  class=\"ultp-post-grid-block wp-block-ultimate-post-post-grid-2 ultp-block-3dd434\"><div class=\"ultp-block-wrapper\"><div class=\"ultp-loading\"><div class=\"ultp-loading-blocks\" style=\"width:100%;height:100%;\"><div style=\"left: 0;top: 0;animation-delay:0s;\"><\/div><div style=\"left: 21px;top: 0;animation-delay:0.125s;\"><\/div><div style=\"left: 42px;top: 0;animation-delay:0.25s;\"><\/div><div style=\"left: 0;top: 21px;animation-delay:0.875s;\"><\/div><div style=\"left: 42px;top: 21px;animation-delay:0.375s;\"><\/div><div style=\"left: 0;top: 42px;animation-delay:0.75s;\"><\/div><div style=\"left: 42px;top: 42px;animation-delay:0.625s;\"><\/div><div style=\"left: 21px;top: 42px;animation-delay:0.5s;\"><\/div><\/div><\/div><div class=\"ultp-heading-filter\"><div class=\"ultp-heading-filter-in\"><div class=\"ultp-heading-wrap ultp-heading-style1 ultp-heading-left\"><h2 class=\"ultp-heading-inner\"><span>Researchers<\/span><\/h2><\/div><\/div><\/div><div class=\"ultp-block-items-wrap ultp-block-row\"><div class=\"ultp-block-item post-id-3674\"><div class=\"ultp-block-content-wrap ultp-block-content-overlay\"><div class=\"ultp-block-image ultp-block-image-zoomIn ultp-block-image-overlay ultp-block-image-custom\"><a href=\"https:\/\/gifma.i3a.es\/es\/raquel-acero\/\" ><img decoding=\"async\"  alt=\"Raquel Acero Cacho\"  src=\"https:\/\/gifma.i3a.es\/wp-content\/uploads\/2024\/02\/raquel-acero.jpg\" \/><\/a><\/div><div class=\"ultp-block-content ultp-block-content-bottomPosition\"><div class=\"ultp-block-content-inner\"><h3 class=\"ultp-block-title\"><a href=\"https:\/\/gifma.i3a.es\/es\/raquel-acero\/\" >Raquel Acero Cacho<\/a><\/h3><\/div><\/div><\/div><\/div><div class=\"ultp-block-item post-id-3842\"><div class=\"ultp-block-content-wrap ultp-block-content-overlay\"><div class=\"ultp-block-image ultp-block-image-zoomIn ultp-block-image-overlay ultp-block-image-custom\"><a href=\"https:\/\/gifma.i3a.es\/es\/jorge-santolaria-mazo\/\" ><img decoding=\"async\"  alt=\"Jorge Santolaria Mazo\"  src=\"https:\/\/gifma.i3a.es\/wp-content\/uploads\/2025\/12\/fondo_square.png\" \/><\/a><\/div><div class=\"ultp-block-content ultp-block-content-bottomPosition\"><div class=\"ultp-block-content-inner\"><h3 class=\"ultp-block-title\"><a href=\"https:\/\/gifma.i3a.es\/es\/jorge-santolaria-mazo\/\" >Jorge Santolaria Mazo<\/a><\/h3><\/div><\/div><\/div><\/div><\/div><\/div><div class=\"pagination-block-html\" aria-hidden=\"true\" style=\"display: none;\"><\/div><\/div>\n\n<div  class=\"ultp-post-grid-block wp-block-ultimate-post-post-grid-2 ultp-block-6377b0\"><div class=\"ultp-block-wrapper\"><div class=\"ultp-loading\"><div class=\"ultp-loading-blocks\" style=\"width:100%;height:100%;\"><div style=\"left: 0;top: 0;animation-delay:0s;\"><\/div><div style=\"left: 21px;top: 0;animation-delay:0.125s;\"><\/div><div style=\"left: 42px;top: 0;animation-delay:0.25s;\"><\/div><div style=\"left: 0;top: 21px;animation-delay:0.875s;\"><\/div><div style=\"left: 42px;top: 21px;animation-delay:0.375s;\"><\/div><div style=\"left: 0;top: 42px;animation-delay:0.75s;\"><\/div><div style=\"left: 42px;top: 42px;animation-delay:0.625s;\"><\/div><div style=\"left: 21px;top: 42px;animation-delay:0.5s;\"><\/div><\/div><\/div><div class=\"ultp-block-items-wrap ultp-block-row\"><div class=\"ultp-block-item post-id-3705\"><div class=\"ultp-block-content-wrap ultp-block-content-overlay\"><div class=\"ultp-block-image ultp-block-image-zoomIn ultp-block-image-overlay ultp-block-image-custom\"><a href=\"https:\/\/gifma.i3a.es\/es\/jose-antonio-albajez\/\" ><img decoding=\"async\"  alt=\"Jos\u00e9 Antonio Albajez Garc\u00eda\"  src=\"https:\/\/gifma.i3a.es\/wp-content\/uploads\/2024\/03\/Albajez_V2.jpg\" \/><\/a><\/div><div class=\"ultp-block-content ultp-block-content-bottomPosition\"><div class=\"ultp-block-content-inner\"><h3 class=\"ultp-block-title\"><a href=\"https:\/\/gifma.i3a.es\/es\/jose-antonio-albajez\/\" >Jos\u00e9 Antonio Albajez Garc\u00eda<\/a><\/h3><\/div><\/div><\/div><\/div><div class=\"ultp-block-item post-id-3709\"><div class=\"ultp-block-content-wrap ultp-block-content-overlay\"><div class=\"ultp-block-image ultp-block-image-zoomIn ultp-block-image-overlay ultp-block-image-custom\"><a href=\"https:\/\/gifma.i3a.es\/es\/raquel-acero-copia\/\" ><img decoding=\"async\"  alt=\"Juan Jos\u00e9 Aguilar Mart\u00edn\"  src=\"https:\/\/gifma.i3a.es\/wp-content\/uploads\/2024\/04\/JuanjoAguilar-scaled.jpg\" \/><\/a><\/div><div class=\"ultp-block-content ultp-block-content-bottomPosition\"><div class=\"ultp-block-content-inner\"><h3 class=\"ultp-block-title\"><a href=\"https:\/\/gifma.i3a.es\/es\/raquel-acero-copia\/\" >Juan Jos\u00e9 Aguilar Mart\u00edn<\/a><\/h3><\/div><\/div><\/div><\/div><div class=\"ultp-block-item post-id-3727\"><div class=\"ultp-block-content-wrap ultp-block-content-overlay\"><div class=\"ultp-block-image ultp-block-image-zoomIn ultp-block-image-overlay ultp-block-image-custom\"><a href=\"https:\/\/gifma.i3a.es\/es\/raquel-acero-copia-2\/\" ><img decoding=\"async\"  alt=\"Marcos Pueo Arteta\"  src=\"https:\/\/gifma.i3a.es\/wp-content\/uploads\/2024\/04\/MarcosPueo.jpeg\" \/><\/a><\/div><div class=\"ultp-block-content ultp-block-content-bottomPosition\"><div class=\"ultp-block-content-inner\"><h3 class=\"ultp-block-title\"><a href=\"https:\/\/gifma.i3a.es\/es\/raquel-acero-copia-2\/\" >Marcos Pueo Arteta<\/a><\/h3><\/div><\/div><\/div><\/div><div class=\"ultp-block-item post-id-3731\"><div class=\"ultp-block-content-wrap ultp-block-content-overlay\"><div class=\"ultp-block-image ultp-block-image-zoomIn ultp-block-image-overlay ultp-block-image-custom\"><a href=\"https:\/\/gifma.i3a.es\/es\/lucia-diaz-perez\/\" ><img decoding=\"async\"  alt=\"Luc\u00eda D\u00edaz P\u00e9rez\"  src=\"https:\/\/gifma.i3a.es\/wp-content\/uploads\/2024\/04\/Foto.jpg\" \/><\/a><\/div><div class=\"ultp-block-content ultp-block-content-bottomPosition\"><div class=\"ultp-block-content-inner\"><h3 class=\"ultp-block-title\"><a href=\"https:\/\/gifma.i3a.es\/es\/lucia-diaz-perez\/\" >Luc\u00eda D\u00edaz P\u00e9rez<\/a><\/h3><\/div><\/div><\/div><\/div><div class=\"ultp-block-item post-id-3741\"><div class=\"ultp-block-content-wrap ultp-block-content-overlay\"><div class=\"ultp-block-image ultp-block-image-zoomIn ultp-block-image-overlay ultp-block-image-custom\"><a href=\"https:\/\/gifma.i3a.es\/es\/roberto-jimenez-pacheco\/\" ><img decoding=\"async\"  alt=\"Roberto Jim\u00e9nez Pacheco\"  src=\"https:\/\/gifma.i3a.es\/wp-content\/uploads\/2024\/04\/RobertoJimenez.jpg\" \/><\/a><\/div><div class=\"ultp-block-content ultp-block-content-bottomPosition\"><div class=\"ultp-block-content-inner\"><h3 class=\"ultp-block-title\"><a href=\"https:\/\/gifma.i3a.es\/es\/roberto-jimenez-pacheco\/\" >Roberto Jim\u00e9nez Pacheco<\/a><\/h3><\/div><\/div><\/div><\/div><div class=\"ultp-block-item post-id-3746\"><div class=\"ultp-block-content-wrap ultp-block-content-overlay\"><div class=\"ultp-block-image ultp-block-image-zoomIn ultp-block-image-overlay ultp-block-image-custom\"><a href=\"https:\/\/gifma.i3a.es\/es\/jose-antonio-yague-fabra\/\" ><img decoding=\"async\"  alt=\"Jos\u00e9 Antonio Yag\u00fce Fabra\"  src=\"https:\/\/gifma.i3a.es\/wp-content\/uploads\/2024\/04\/JAYague2-scaled.jpg\" \/><\/a><\/div><div class=\"ultp-block-content ultp-block-content-bottomPosition\"><div class=\"ultp-block-content-inner\"><h3 class=\"ultp-block-title\"><a href=\"https:\/\/gifma.i3a.es\/es\/jose-antonio-yague-fabra\/\" >Jos\u00e9 Antonio Yag\u00fce Fabra<\/a><\/h3><\/div><\/div><\/div><\/div><div class=\"ultp-block-item post-id-3750\"><div class=\"ultp-block-content-wrap ultp-block-content-overlay\"><div class=\"ultp-block-image ultp-block-image-zoomIn ultp-block-image-overlay ultp-block-image-custom\"><a href=\"https:\/\/gifma.i3a.es\/es\/francisco-javier-brosed\/\" ><img decoding=\"async\"  alt=\"Francisco Javier Brosed\"  src=\"https:\/\/gifma.i3a.es\/wp-content\/uploads\/2024\/04\/FRANCISCO-JAVIER-BROSED.png\" \/><\/a><\/div><div class=\"ultp-block-content ultp-block-content-bottomPosition\"><div class=\"ultp-block-content-inner\"><h3 class=\"ultp-block-title\"><a href=\"https:\/\/gifma.i3a.es\/es\/francisco-javier-brosed\/\" >Francisco Javier Brosed<\/a><\/h3><\/div><\/div><\/div><\/div><div class=\"ultp-block-item post-id-3761\"><div class=\"ultp-block-content-wrap ultp-block-content-overlay\"><div class=\"ultp-block-image ultp-block-image-zoomIn ultp-block-image-overlay ultp-block-image-custom\"><a href=\"https:\/\/gifma.i3a.es\/es\/sergio-aguado-jimenez\/\" ><img decoding=\"async\"  alt=\"Sergio Aguado Jim\u00e9nez\"  src=\"https:\/\/gifma.i3a.es\/wp-content\/uploads\/2024\/04\/Foto-Sergio.jpg\" \/><\/a><\/div><div class=\"ultp-block-content ultp-block-content-bottomPosition\"><div class=\"ultp-block-content-inner\"><h3 class=\"ultp-block-title\"><a href=\"https:\/\/gifma.i3a.es\/es\/sergio-aguado-jimenez\/\" >Sergio Aguado Jim\u00e9nez<\/a><\/h3><\/div><\/div><\/div><\/div><div class=\"ultp-block-item post-id-3767\"><div class=\"ultp-block-content-wrap ultp-block-content-overlay\"><div class=\"ultp-block-image ultp-block-image-zoomIn ultp-block-image-overlay ultp-block-image-custom\"><a href=\"https:\/\/gifma.i3a.es\/es\/ana-cristina-majarena-bello\/\" ><img decoding=\"async\"  alt=\"Ana Cristina Majarena Bello\"  src=\"https:\/\/gifma.i3a.es\/wp-content\/uploads\/2025\/12\/fondo_square.png\" \/><\/a><\/div><div class=\"ultp-block-content ultp-block-content-bottomPosition\"><div class=\"ultp-block-content-inner\"><h3 class=\"ultp-block-title\"><a href=\"https:\/\/gifma.i3a.es\/es\/ana-cristina-majarena-bello\/\" >Ana Cristina Majarena Bello<\/a><\/h3><\/div><\/div><\/div><\/div><div class=\"ultp-block-item post-id-3777\"><div class=\"ultp-block-content-wrap ultp-block-content-overlay\"><div class=\"ultp-block-image ultp-block-image-zoomIn ultp-block-image-overlay ultp-block-image-custom\"><a href=\"https:\/\/gifma.i3a.es\/es\/daniel-gallardo-artal\/\" ><img decoding=\"async\"  alt=\"Daniel Gallardo Artal\"  src=\"https:\/\/gifma.i3a.es\/wp-content\/uploads\/2024\/04\/Foto_DanielGallardo.jpg\" \/><\/a><\/div><div class=\"ultp-block-content ultp-block-content-bottomPosition\"><div class=\"ultp-block-content-inner\"><h3 class=\"ultp-block-title\"><a href=\"https:\/\/gifma.i3a.es\/es\/daniel-gallardo-artal\/\" >Daniel Gallardo Artal<\/a><\/h3><\/div><\/div><\/div><\/div><div class=\"ultp-block-item post-id-3784\"><div class=\"ultp-block-content-wrap ultp-block-content-overlay\"><div class=\"ultp-block-image ultp-block-image-zoomIn ultp-block-image-overlay ultp-block-image-custom\"><a href=\"https:\/\/gifma.i3a.es\/es\/maria-pilar-lamban-castillo\/\" ><img decoding=\"async\"  alt=\"Mar\u00eda Pilar Lamb\u00e1n Castillo\"  src=\"https:\/\/gifma.i3a.es\/wp-content\/uploads\/2024\/07\/foto_pili.png\" \/><\/a><\/div><div class=\"ultp-block-content ultp-block-content-bottomPosition\"><div class=\"ultp-block-content-inner\"><h3 class=\"ultp-block-title\"><a href=\"https:\/\/gifma.i3a.es\/es\/maria-pilar-lamban-castillo\/\" >Mar\u00eda Pilar Lamb\u00e1n Castillo<\/a><\/h3><\/div><\/div><\/div><\/div><div class=\"ultp-block-item post-id-3787\"><div class=\"ultp-block-content-wrap ultp-block-content-overlay\"><div class=\"ultp-block-image ultp-block-image-zoomIn ultp-block-image-overlay ultp-block-image-custom\"><a href=\"https:\/\/gifma.i3a.es\/es\/jesus-royo-sanchez\/\" ><img decoding=\"async\"  alt=\"Jes\u00fas Royo S\u00e1nchez\"  src=\"https:\/\/gifma.i3a.es\/wp-content\/uploads\/2024\/04\/Foto-Jesus.jpg\" \/><\/a><\/div><div class=\"ultp-block-content ultp-block-content-bottomPosition\"><div class=\"ultp-block-content-inner\"><h3 class=\"ultp-block-title\"><a href=\"https:\/\/gifma.i3a.es\/es\/jesus-royo-sanchez\/\" >Jes\u00fas Royo S\u00e1nchez<\/a><\/h3><\/div><\/div><\/div><\/div><div class=\"ultp-block-item post-id-3826\"><div class=\"ultp-block-content-wrap ultp-block-content-overlay\"><div class=\"ultp-block-image ultp-block-image-zoomIn ultp-block-image-overlay ultp-block-image-custom\"><a href=\"https:\/\/gifma.i3a.es\/es\/jose-antonio-albajez-garcia-copia\/\" ><img decoding=\"async\"  alt=\"Paula Morella Avizano\"  src=\"https:\/\/gifma.i3a.es\/wp-content\/uploads\/2024\/07\/2212-Paula-Morella_02b.jpg\" \/><\/a><\/div><div class=\"ultp-block-content ultp-block-content-bottomPosition\"><div class=\"ultp-block-content-inner\"><h3 class=\"ultp-block-title\"><a href=\"https:\/\/gifma.i3a.es\/es\/jose-antonio-albajez-garcia-copia\/\" >Paula Morella Avizano<\/a><\/h3><\/div><\/div><\/div><\/div><div class=\"ultp-block-item post-id-3874\"><div class=\"ultp-block-content-wrap ultp-block-content-overlay\"><div class=\"ultp-block-image ultp-block-image-zoomIn ultp-block-image-overlay ultp-block-image-custom\"><a href=\"https:\/\/gifma.i3a.es\/es\/jesus-velazquez-sancho\/\" ><img decoding=\"async\"  alt=\"Jes\u00fas Vel\u00e1zquez Sancho\"  src=\"https:\/\/gifma.i3a.es\/wp-content\/uploads\/2025\/12\/fondo_square.png\" \/><\/a><\/div><div class=\"ultp-block-content ultp-block-content-bottomPosition\"><div class=\"ultp-block-content-inner\"><h3 class=\"ultp-block-title\"><a href=\"https:\/\/gifma.i3a.es\/es\/jesus-velazquez-sancho\/\" >Jes\u00fas Vel\u00e1zquez Sancho<\/a><\/h3><\/div><\/div><\/div><\/div><div class=\"ultp-block-item post-id-3950\"><div class=\"ultp-block-content-wrap ultp-block-content-overlay\"><div class=\"ultp-block-image ultp-block-image-zoomIn ultp-block-image-overlay ultp-block-image-custom\"><a href=\"https:\/\/gifma.i3a.es\/es\/javier-ortun-terrazas\/\" ><img decoding=\"async\"  alt=\"Javier Ort\u00fan Terrazas\"  src=\"https:\/\/gifma.i3a.es\/wp-content\/uploads\/2025\/12\/javierortun.jpg\" \/><\/a><\/div><div class=\"ultp-block-content ultp-block-content-bottomPosition\"><div class=\"ultp-block-content-inner\"><h3 class=\"ultp-block-title\"><a href=\"https:\/\/gifma.i3a.es\/es\/javier-ortun-terrazas\/\" >Javier Ort\u00fan Terrazas<\/a><\/h3><\/div><\/div><\/div><\/div><div class=\"ultp-block-item post-id-4067\"><div class=\"ultp-block-content-wrap ultp-block-content-overlay\"><div class=\"ultp-block-image ultp-block-image-zoomIn ultp-block-image-overlay ultp-block-image-custom\"><a href=\"https:\/\/gifma.i3a.es\/es\/sonia-val-blasco\/\" ><img decoding=\"async\"  alt=\"Sonia Val Blasco\"  src=\"https:\/\/gifma.i3a.es\/wp-content\/uploads\/2025\/12\/Sonia-Val.jpg\" \/><\/a><\/div><div class=\"ultp-block-content ultp-block-content-bottomPosition\"><div class=\"ultp-block-content-inner\"><h3 class=\"ultp-block-title\"><a href=\"https:\/\/gifma.i3a.es\/es\/sonia-val-blasco\/\" >Sonia Val Blasco<\/a><\/h3><\/div><\/div><\/div><\/div><\/div><\/div><div class=\"pagination-block-html\" aria-hidden=\"true\" style=\"display: none;\"><\/div><\/div>\n\n<div id=\"pl-gb198-69e38a8fdf0da\"  class=\"panel-layout wp-block-siteorigin-panels-layout-block\" ><div id=\"pg-gb198-69e38a8fdf0da-0\"  class=\"panel-grid panel-has-style\" ><div class=\"panel-row-style panel-row-style-for-gb198-69e38a8fdf0da-0\" ><div id=\"pgc-gb198-69e38a8fdf0da-0-0\"  class=\"panel-grid-cell\" ><div id=\"panel-gb198-69e38a8fdf0da-0-0-0\" class=\"so-panel widget widget_sow-editor panel-first-child panel-last-child\" data-index=\"0\" ><div class=\"panel-widget-style panel-widget-style-for-gb198-69e38a8fdf0da-0-0-0\" ><div\n\t\t\t\n\t\t\tclass=\"so-widget-sow-editor so-widget-sow-editor-base\"\n\t\t\t\n\t\t>\n<div class=\"siteorigin-widget-tinymce textwidget\">\n\t<\/div>\n<\/div><\/div><\/div><\/div><\/div><\/div><\/div>\n\n<div  class=\"ultp-post-grid-block wp-block-ultimate-post-post-grid-2 ultp-block-9fb8ee\"><div class=\"ultp-block-wrapper\"><div class=\"ultp-loading\"><div class=\"ultp-loading-blocks\" style=\"width:100%;height:100%;\"><div style=\"left: 0;top: 0;animation-delay:0s;\"><\/div><div style=\"left: 21px;top: 0;animation-delay:0.125s;\"><\/div><div style=\"left: 42px;top: 0;animation-delay:0.25s;\"><\/div><div style=\"left: 0;top: 21px;animation-delay:0.875s;\"><\/div><div style=\"left: 42px;top: 21px;animation-delay:0.375s;\"><\/div><div style=\"left: 0;top: 42px;animation-delay:0.75s;\"><\/div><div style=\"left: 42px;top: 42px;animation-delay:0.625s;\"><\/div><div style=\"left: 21px;top: 42px;animation-delay:0.5s;\"><\/div><\/div><\/div><div class=\"ultp-heading-filter\"><div class=\"ultp-heading-filter-in\"><div class=\"ultp-heading-wrap ultp-heading-style1 ultp-heading-left\"><h2 class=\"ultp-heading-inner\"><span>PhD students<\/span><\/h2><\/div><\/div><\/div><div class=\"ultp-block-items-wrap ultp-block-row\"><div class=\"ultp-block-item post-id-3951\"><div class=\"ultp-block-content-wrap ultp-block-content-overlay\"><div class=\"ultp-block-image ultp-block-image-zoomIn ultp-block-image-overlay ultp-block-image-custom\"><a href=\"https:\/\/gifma.i3a.es\/es\/yasser-zekalmi-richa\/\" target=\"_blank\"><img decoding=\"async\"  alt=\"Yasser Zekalmi Richa\"  src=\"https:\/\/gifma.i3a.es\/wp-content\/uploads\/2024\/07\/foto_yass.png\" \/><\/a><\/div><div class=\"ultp-block-content ultp-block-content-bottomPosition\"><div class=\"ultp-block-content-inner\"><h3 class=\"ultp-block-title\"><a href=\"https:\/\/gifma.i3a.es\/es\/yasser-zekalmi-richa\/\" target=\"_blank\">Yasser Zekalmi Richa<\/a><\/h3><\/div><\/div><\/div><\/div><div class=\"ultp-block-item post-id-4607\"><div class=\"ultp-block-content-wrap ultp-block-content-overlay\"><div class=\"ultp-block-image ultp-block-image-zoomIn ultp-block-image-overlay ultp-block-image-custom\"><a href=\"https:\/\/gifma.i3a.es\/es\/javier-calvo-blasco\/\" target=\"_blank\"><img decoding=\"async\"  alt=\"Javier Calvo Blasco\"  src=\"https:\/\/gifma.i3a.es\/wp-content\/uploads\/2025\/12\/fondo_square.png\" \/><\/a><\/div><div class=\"ultp-block-content ultp-block-content-bottomPosition\"><div class=\"ultp-block-content-inner\"><h3 class=\"ultp-block-title\"><a href=\"https:\/\/gifma.i3a.es\/es\/javier-calvo-blasco\/\" target=\"_blank\">Javier Calvo Blasco<\/a><\/h3><\/div><\/div><\/div><\/div><div class=\"ultp-block-item post-id-4069\"><div class=\"ultp-block-content-wrap ultp-block-content-overlay\"><div class=\"ultp-block-image ultp-block-image-zoomIn ultp-block-image-overlay ultp-block-image-custom\"><a href=\"https:\/\/gifma.i3a.es\/es\/julio-zerpa-martin\/\" target=\"_blank\"><img decoding=\"async\"  alt=\"Julio Zerpa Mart\u00edn\"  src=\"https:\/\/gifma.i3a.es\/wp-content\/uploads\/2025\/12\/Julio_Miguel_Zerpa.jpeg\" \/><\/a><\/div><div class=\"ultp-block-content ultp-block-content-bottomPosition\"><div class=\"ultp-block-content-inner\"><h3 class=\"ultp-block-title\"><a href=\"https:\/\/gifma.i3a.es\/es\/julio-zerpa-martin\/\" target=\"_blank\">Julio Zerpa Mart\u00edn<\/a><\/h3><\/div><\/div><\/div><\/div><\/div><\/div><div class=\"pagination-block-html\" aria-hidden=\"true\" style=\"display: none;\"><\/div><\/div>\n\n<div id=\"pl-gb198-69e38a8fe2a60\"  class=\"panel-layout wp-block-siteorigin-panels-layout-block\" ><div id=\"pg-gb198-69e38a8fe2a60-0\"  class=\"panel-grid panel-has-style\" ><div class=\"panel-row-style panel-row-style-for-gb198-69e38a8fe2a60-0\" ><div id=\"pgc-gb198-69e38a8fe2a60-0-0\"  class=\"panel-grid-cell\" ><div id=\"panel-gb198-69e38a8fe2a60-0-0-0\" class=\"so-panel widget widget_sow-editor panel-first-child panel-last-child\" data-index=\"0\" ><div class=\"panel-widget-style panel-widget-style-for-gb198-69e38a8fe2a60-0-0-0\" ><div\n\t\t\t\n\t\t\tclass=\"so-widget-sow-editor so-widget-sow-editor-base\"\n\t\t\t\n\t\t>\n<div class=\"siteorigin-widget-tinymce textwidget\">\n\t<\/div>\n<\/div><\/div><\/div><\/div><\/div><\/div><\/div>\n\n<div  class=\"ultp-post-grid-block wp-block-ultimate-post-post-grid-2 ultp-block-183f39\"><div class=\"ultp-block-wrapper\"><div class=\"ultp-loading\"><div class=\"ultp-loading-blocks\" style=\"width:100%;height:100%;\"><div style=\"left: 0;top: 0;animation-delay:0s;\"><\/div><div style=\"left: 21px;top: 0;animation-delay:0.125s;\"><\/div><div style=\"left: 42px;top: 0;animation-delay:0.25s;\"><\/div><div style=\"left: 0;top: 21px;animation-delay:0.875s;\"><\/div><div style=\"left: 42px;top: 21px;animation-delay:0.375s;\"><\/div><div style=\"left: 0;top: 42px;animation-delay:0.75s;\"><\/div><div style=\"left: 42px;top: 42px;animation-delay:0.625s;\"><\/div><div style=\"left: 21px;top: 42px;animation-delay:0.5s;\"><\/div><\/div><\/div><div class=\"ultp-heading-filter\"><div class=\"ultp-heading-filter-in\"><div class=\"ultp-heading-wrap ultp-heading-style1 ultp-heading-left\"><h2 class=\"ultp-heading-inner\"><span>Research technicians<\/span><\/h2><\/div><\/div><\/div><div class=\"ultp-block-items-wrap ultp-block-row\"><div class=\"ultp-block-item post-id-3792\"><div class=\"ultp-block-content-wrap ultp-block-content-overlay\"><div class=\"ultp-block-image ultp-block-image-zoomIn ultp-block-image-overlay ultp-block-image-custom\"><a href=\"https:\/\/gifma.i3a.es\/es\/jose-alberto-perez-ruiz\/\" target=\"_blank\"><img decoding=\"async\"  alt=\"Jos\u00e9 Alberto P\u00e9rez Ruiz\"  src=\"https:\/\/gifma.i3a.es\/wp-content\/uploads\/2025\/12\/fondo_square.png\" \/><\/a><\/div><div class=\"ultp-block-content ultp-block-content-bottomPosition\"><div class=\"ultp-block-content-inner\"><h3 class=\"ultp-block-title\"><a href=\"https:\/\/gifma.i3a.es\/es\/jose-alberto-perez-ruiz\/\" target=\"_blank\">Jos\u00e9 Alberto P\u00e9rez Ruiz<\/a><\/h3><\/div><\/div><\/div><\/div><div class=\"ultp-block-item post-id-3796\"><div class=\"ultp-block-content-wrap ultp-block-content-overlay\"><div class=\"ultp-block-image ultp-block-image-zoomIn ultp-block-image-overlay ultp-block-image-custom\"><a href=\"https:\/\/gifma.i3a.es\/es\/jesus-casanova-agustin\/\" target=\"_blank\"><img decoding=\"async\"  alt=\"Jes\u00fas Casanova Agust\u00edn\"  src=\"https:\/\/gifma.i3a.es\/wp-content\/uploads\/2025\/12\/fondo_square.png\" \/><\/a><\/div><div class=\"ultp-block-content ultp-block-content-bottomPosition\"><div class=\"ultp-block-content-inner\"><h3 class=\"ultp-block-title\"><a href=\"https:\/\/gifma.i3a.es\/es\/jesus-casanova-agustin\/\" target=\"_blank\">Jes\u00fas Casanova Agust\u00edn<\/a><\/h3><\/div><\/div><\/div><\/div><div class=\"ultp-block-item post-id-4618\"><div class=\"ultp-block-content-wrap ultp-block-content-overlay\"><div class=\"ultp-block-image ultp-block-image-zoomIn ultp-block-image-overlay ultp-block-image-custom\"><a href=\"https:\/\/gifma.i3a.es\/es\/francisco-miguel-fandos\/\" target=\"_blank\"><img decoding=\"async\"  alt=\"Francisco Miguel Fand\u00f3s\"  src=\"https:\/\/gifma.i3a.es\/wp-content\/uploads\/2025\/12\/fondo_square.png\" \/><\/a><\/div><div class=\"ultp-block-content ultp-block-content-bottomPosition\"><div class=\"ultp-block-content-inner\"><h3 class=\"ultp-block-title\"><a href=\"https:\/\/gifma.i3a.es\/es\/francisco-miguel-fandos\/\" target=\"_blank\">Francisco Miguel Fand\u00f3s<\/a><\/h3><\/div><\/div><\/div><\/div><\/div><\/div><div class=\"pagination-block-html\" aria-hidden=\"true\" style=\"display: none;\"><\/div><\/div>","protected":false},"excerpt":{"rendered":"","protected":false},"author":1,"featured_media":0,"parent":0,"menu_order":0,"comment_status":"closed","ping_status":"closed","template":"","meta":{"footnotes":""},"class_list":["post-198","page","type-page","status-publish"],"_links":{"self":[{"href":"https:\/\/gifma.i3a.es\/es\/wp-json\/wp\/v2\/pages\/198","targetHints":{"allow":["GET"]}}],"collection":[{"href":"https:\/\/gifma.i3a.es\/es\/wp-json\/wp\/v2\/pages"}],"about":[{"href":"https:\/\/gifma.i3a.es\/es\/wp-json\/wp\/v2\/types\/page"}],"author":[{"embeddable":true,"href":"https:\/\/gifma.i3a.es\/es\/wp-json\/wp\/v2\/users\/1"}],"replies":[{"embeddable":true,"href":"https:\/\/gifma.i3a.es\/es\/wp-json\/wp\/v2\/comments?post=198"}],"version-history":[{"count":54,"href":"https:\/\/gifma.i3a.es\/es\/wp-json\/wp\/v2\/pages\/198\/revisions"}],"predecessor-version":[{"id":4401,"href":"https:\/\/gifma.i3a.es\/es\/wp-json\/wp\/v2\/pages\/198\/revisions\/4401"}],"wp:attachment":[{"href":"https:\/\/gifma.i3a.es\/es\/wp-json\/wp\/v2\/media?parent=198"}],"curies":[{"name":"wp","href":"https:\/\/api.w.org\/{rel}","templated":true}]}}